{"id":959,"date":"2019-10-13T20:02:39","date_gmt":"2019-10-13T18:02:39","guid":{"rendered":"https:\/\/spainiee.com\/preguntas-frecuentes\/"},"modified":"2019-10-14T13:47:56","modified_gmt":"2019-10-14T11:47:56","slug":"faq","status":"publish","type":"page","link":"https:\/\/spainiee.com\/en\/faq\/","title":{"rendered":"FAQ &#8211; Frequently Asked Questions"},"content":{"rendered":"\n<div class=\"jq-home-carousel-section \">\n\t\t\t\t\t\n\t\t\t\t\t<div id=\"jq-home-carousel\" class=\"carousel slide\" data-ride=\"carousel\">\t<div class=\"carousel-inner\">\t\n\t\t<style type=\"text\/css\">\n\t\t\t  #jq-home-carousel-item-0 {background-image: url('https:\/\/spainiee.com\/wp-content\/uploads\/2019\/06\/Intro_iee.jpg'); }\n\t\t\t  @media (min-width: 768px) {#jq-home-carousel-item-0 { background-image: url('https:\/\/spainiee.com\/wp-content\/uploads\/2019\/06\/Intro_iee.jpg');}}\n\t\t\t  @media (min-width: 1200px) {#jq-home-carousel-item-0 { background-image: url('https:\/\/spainiee.com\/wp-content\/uploads\/2019\/06\/Intro_iee.jpg');}}\n\t\t<\/style><div id=\"jq-home-carousel-item-0\" class=\"carousel-item active\"  data-interval=\"false\"><div class=\"jq-mask\"><\/div><div class=\"container-fluid\">\n\t\t\t\t\t<div class=\"row\">\n\t\t\t\t\t<div class=\"col-md-12\">\n\t\t\t\t\t\t<div class=\"jq-home-carousel-content\"><h1> FAQ &#8211; Frequently Asked Questions <\/h1><p>    <\/p>\n\t\t\t\t\t\t<\/div>\t\t<\/div>\n\t\t\t\t\t<\/div>\n\t\t\t\t\t<\/div><div id=\"jq-slide-read-more\" onclick=\"scrolldown()\"><i class=\"fas fa-chevron-circle-down\"><\/i><\/div>\t\t\t<\/div>\t<\/div> \t<\/div><\/div>\n\n\n\n<div class=\"jq-faq\">\n\t\t\t\t\t\t<div class=\"container\">\n\t\t\t\t\t\t\t<div class=\"row\"><div class=\"jq-faq-item col-md-12\" >\t\n\t\t\t\t\t<h4 class=\"jq-faq-title\" onclick=\"faqToggle(this)\"> How can I book a course?  <\/h4>\n\t\t\t\t\t<div class=\"jq-faq-content\">  You can book a course by filling in our on-line booking form, by coming to school and fill in the form on paper or by sending us an e-mail at\u00a0 <a href=\"mailto:hello@spainiee.com\">hello@spainiee.com<\/a> <\/div>\n\t\t\t\t<\/div><div class=\"jq-faq-item col-md-12\" >\t\n\t\t\t\t\t<h4 class=\"jq-faq-title\" onclick=\"faqToggle(this)\"> How can I pay the course?  <\/h4>\n\t\t\t\t\t<div class=\"jq-faq-content\">  You can pay the course in three different ways:\r\n<ul>\r\n \t<li>By credit card<\/li>\r\n \t<li>By bank transfer (the bank fees will be charged on your account)<\/li>\r\n \t<li>By cash at school<\/li>\r\n<\/ul> <\/div>\n\t\t\t\t<\/div><div class=\"jq-faq-item col-md-12\" >\t\n\t\t\t\t\t<h4 class=\"jq-faq-title\" onclick=\"faqToggle(this)\"> How long does a class last?  <\/h4>\n\t\t\t\t\t<div class=\"jq-faq-content\">  Classes at Intensive and Semi-intensive Courses last 50 minutes; classes at Extensive Courses last 45 minutes and classes at DELE Preparation Courses last 60 minutes. <\/div>\n\t\t\t\t<\/div><div class=\"jq-faq-item col-md-12\" >\t\n\t\t\t\t\t<h4 class=\"jq-faq-title\" onclick=\"faqToggle(this)\"> How are the classrooms?  <\/h4>\n\t\t\t\t\t<div class=\"jq-faq-content\">  Our classrooms are spacious, bright, have air-conditioning and are equipped with the latest learning multimedia. <\/div>\n\t\t\t\t<\/div><div class=\"jq-faq-item col-md-12\" >\t\n\t\t\t\t\t<h4 class=\"jq-faq-title\" onclick=\"faqToggle(this)\"> How do I know my Spanish level?  <\/h4>\n\t\t\t\t\t<div class=\"jq-faq-content\">  Before starting the course you will be asked to take a Spanish level test which is totally free. You can either take the test on-line, at school or we can send it to you by e-mail. You will then be placed in the correct class according to your Spanish level. <\/div>\n\t\t\t\t<\/div><div class=\"jq-faq-item col-md-12\" >\t\n\t\t\t\t\t<h4 class=\"jq-faq-title\" onclick=\"faqToggle(this)\"> Can I change class?  <\/h4>\n\t\t\t\t\t<div class=\"jq-faq-content\">  Yes, of course. In case you wish to change your class and move to another level you shall speak to your teacher. You might be asked to take an evaluation test in order to change level. <\/div>\n\t\t\t\t<\/div><div class=\"jq-faq-item col-md-12\" >\t\n\t\t\t\t\t<h4 class=\"jq-faq-title\" onclick=\"faqToggle(this)\"> What happens if I can\u2019t go to school for a day?  <\/h4>\n\t\t\t\t\t<div class=\"jq-faq-content\">  If you can\u2019t come to school for a day you should inform your teacher so that he\/she can tell you the contents you\u2019ll miss. If you\u2019re taking a One To One Course, you should tell us at least 48 hours before the scheduled class in order to reschedule it. <\/div>\n\t\t\t\t<\/div><div class=\"jq-faq-item col-md-12\" >\t\n\t\t\t\t\t<h4 class=\"jq-faq-title\" onclick=\"faqToggle(this)\"> Will classes on bank holidays be rescheduled on a normal day?  <\/h4>\n\t\t\t\t\t<div class=\"jq-faq-content\">  Classes on either bank or local holidays will neither be rescheduled nor reimbursed. On the other hand, One to One classes will be rescheduled. <\/div>\n\t\t\t\t<\/div><div class=\"jq-faq-item col-md-12\" >\t\n\t\t\t\t\t<h4 class=\"jq-faq-title\" onclick=\"faqToggle(this)\"> \u00bfRecibo un certificado al final del curso?  <\/h4>\n\t\t\t\t\t<div class=\"jq-faq-content\">  Al finalizar el curso, SC te dar\u00e1 un certificado de asistencia. Este documento no es v\u00e1lido como\u00a0documento oficial de conformidad con la legislaci\u00f3n que regula la educaci\u00f3n no acreditada. Para obtener este certificado, es necesario que el alumno asista como m\u00ednimo al 85% de las clases. <\/div>\n\t\t\t\t<\/div><div class=\"jq-faq-item col-md-12\" >\t\n\t\t\t\t\t<h4 class=\"jq-faq-title\" onclick=\"faqToggle(this)\"> Will I get a final certificate of the course?  <\/h4>\n\t\t\t\t\t<div class=\"jq-faq-content\">  Once you complete your course, Instituto Educativo Espa\u00f1ol will give you a certificate of attendance. This document is not valid as an official document in accordance with the legislation governing non-accredited education. To obtain this certificate, you must attend at least 85% of the classes. <\/div>\n\t\t\t\t<\/div><div class=\"jq-faq-item col-md-12\" >\t\n\t\t\t\t\t<h4 class=\"jq-faq-title\" onclick=\"faqToggle(this)\"> Are teachers qualified to teach Spanish?  <\/h4>\n\t\t\t\t\t<div class=\"jq-faq-content\">  Yes, of course. All our teachers are highly qualified native speakers (with a Degree in Philology or a Master\u2019s Degree in Spanish as a Foreign Language) and have a long career in teaching Spanish. <\/div>\n\t\t\t\t<\/div><div class=\"jq-faq-item col-md-12\" >\t\n\t\t\t\t\t<h4 class=\"jq-faq-title\" onclick=\"faqToggle(this)\"> Where are the other students from?  <\/h4>\n\t\t\t\t\t<div class=\"jq-faq-content\">  At Instituto Educativo Espa\u00f1ol we have students from many different countries such as: Australia, USA, China, Germany, France, UK, Turkey, Syria, Poland, Russia, Italy and so on. <\/div>\n\t\t\t\t<\/div><div class=\"jq-faq-item col-md-12\" >\t\n\t\t\t\t\t<h4 class=\"jq-faq-title\" onclick=\"faqToggle(this)\"> Are cultural activities mandatory?  <\/h4>\n\t\t\t\t\t<div class=\"jq-faq-content\">  No, they are not, but we certainly reccomend them. <\/div>\n\t\t\t\t<\/div><div class=\"jq-faq-item col-md-12\" >\t\n\t\t\t\t\t<h4 class=\"jq-faq-title\" onclick=\"faqToggle(this)\"> Can I take part in a cultural activity even if I have a health problem?  <\/h4>\n\t\t\t\t\t<div class=\"jq-faq-content\">  There are no medical restrictions, but you shall notify the school in case you need to follow a special diet (celiac disease, allergy, intolerance ....), if you have mobility problems or any other health problem. <\/div>\n\t\t\t\t<\/div><div class=\"jq-faq-item col-md-12\" >\t\n\t\t\t\t\t<h4 class=\"jq-faq-title\" onclick=\"faqToggle(this)\"> I am a former student, do I have to pay the registration fee again?  <\/h4>\n\t\t\t\t\t<div class=\"jq-faq-content\">  No, if you are a former student of the school you do not have to pay it. <\/div>\n\t\t\t\t<\/div><div class=\"jq-faq-item col-md-12\" >\t\n\t\t\t\t\t<h4 class=\"jq-faq-title\" onclick=\"faqToggle(this)\"> What are the school opening hours?  <\/h4>\n\t\t\t\t\t<div class=\"jq-faq-content\">  Our school opens from Monday to Friday from 09:00 to 19:00. <\/div>\n\t\t\t\t<\/div><div class=\"jq-faq-item col-md-12\" >\t\n\t\t\t\t\t<h4 class=\"jq-faq-title\" onclick=\"faqToggle(this)\"> I do not have a health insurance, can I buy one at school?  <\/h4>\n\t\t\t\t\t<div class=\"jq-faq-content\">  Yes, since all our students must have a health insurance with an adequate medical coverage, if you do not have one, you can purchase it at school. <\/div>\n\t\t\t\t<\/div>\t\t<\/div><!-- .row-->\n\t\t\t\t\t\t<\/div><!-- .container-->\n\t\t\t\t\t<\/div><!-- .jq-faq-->\n","protected":false},"excerpt":{"rendered":"","protected":false},"author":1,"featured_media":0,"parent":0,"menu_order":0,"comment_status":"closed","ping_status":"closed","template":"","meta":{"_monsterinsights_skip_tracking":false,"_monsterinsights_sitenote_active":false,"_monsterinsights_sitenote_note":"","_monsterinsights_sitenote_category":0,"footnotes":""},"class_list":["post-959","page","type-page","status-publish","hentry"],"yoast_head":"<!-- This site is optimized with the Yoast SEO plugin v23.6 - https:\/\/yoast.com\/wordpress\/plugins\/seo\/ -->\n<title>FAQ - Frequently Asked Questions -<\/title>\n<meta name=\"robots\" content=\"noindex, follow\" \/>\n<meta property=\"og:locale\" content=\"en_US\" \/>\n<meta property=\"og:type\" content=\"article\" \/>\n<meta property=\"og:title\" content=\"FAQ - Frequently Asked Questions -\" \/>\n<meta property=\"og:url\" content=\"https:\/\/spainiee.com\/en\/faq\/\" \/>\n<meta property=\"article:modified_time\" content=\"2019-10-14T11:47:56+00:00\" \/>\n<meta property=\"og:image\" content=\"https:\/\/spainiee.com\/wp-content\/uploads\/2020\/03\/LOGO.jpg\" \/>\n\t<meta property=\"og:image:width\" content=\"789\" \/>\n\t<meta property=\"og:image:height\" content=\"392\" \/>\n\t<meta property=\"og:image:type\" content=\"image\/jpeg\" \/>\n<meta name=\"twitter:card\" content=\"summary_large_image\" \/>\n<script type=\"application\/ld+json\" class=\"yoast-schema-graph\">{\"@context\":\"https:\/\/schema.org\",\"@graph\":[{\"@type\":\"WebPage\",\"@id\":\"https:\/\/spainiee.com\/en\/faq\/\",\"url\":\"https:\/\/spainiee.com\/en\/faq\/\",\"name\":\"FAQ - Frequently Asked Questions -\",\"isPartOf\":{\"@id\":\"https:\/\/spainiee.com\/en\/#website\"},\"datePublished\":\"2019-10-13T18:02:39+00:00\",\"dateModified\":\"2019-10-14T11:47:56+00:00\",\"breadcrumb\":{\"@id\":\"https:\/\/spainiee.com\/en\/faq\/#breadcrumb\"},\"inLanguage\":\"en-US\",\"potentialAction\":[{\"@type\":\"ReadAction\",\"target\":[\"https:\/\/spainiee.com\/en\/faq\/\"]}]},{\"@type\":\"BreadcrumbList\",\"@id\":\"https:\/\/spainiee.com\/en\/faq\/#breadcrumb\",\"itemListElement\":[{\"@type\":\"ListItem\",\"position\":1,\"name\":\"Portada\",\"item\":\"https:\/\/spainiee.com\/en\/\"},{\"@type\":\"ListItem\",\"position\":2,\"name\":\"FAQ &#8211; Frequently Asked Questions\"}]},{\"@type\":\"WebSite\",\"@id\":\"https:\/\/spainiee.com\/en\/#website\",\"url\":\"https:\/\/spainiee.com\/en\/\",\"name\":\"\",\"description\":\"\",\"potentialAction\":[{\"@type\":\"SearchAction\",\"target\":{\"@type\":\"EntryPoint\",\"urlTemplate\":\"https:\/\/spainiee.com\/en\/?s={search_term_string}\"},\"query-input\":{\"@type\":\"PropertyValueSpecification\",\"valueRequired\":true,\"valueName\":\"search_term_string\"}}],\"inLanguage\":\"en-US\"}]}<\/script>\n<!-- \/ Yoast SEO plugin. -->","yoast_head_json":{"title":"FAQ - Frequently Asked Questions -","robots":{"index":"noindex","follow":"follow"},"og_locale":"en_US","og_type":"article","og_title":"FAQ - Frequently Asked Questions -","og_url":"https:\/\/spainiee.com\/en\/faq\/","article_modified_time":"2019-10-14T11:47:56+00:00","og_image":[{"width":789,"height":392,"url":"https:\/\/spainiee.com\/wp-content\/uploads\/2020\/03\/LOGO.jpg","type":"image\/jpeg"}],"twitter_card":"summary_large_image","schema":{"@context":"https:\/\/schema.org","@graph":[{"@type":"WebPage","@id":"https:\/\/spainiee.com\/en\/faq\/","url":"https:\/\/spainiee.com\/en\/faq\/","name":"FAQ - Frequently Asked Questions -","isPartOf":{"@id":"https:\/\/spainiee.com\/en\/#website"},"datePublished":"2019-10-13T18:02:39+00:00","dateModified":"2019-10-14T11:47:56+00:00","breadcrumb":{"@id":"https:\/\/spainiee.com\/en\/faq\/#breadcrumb"},"inLanguage":"en-US","potentialAction":[{"@type":"ReadAction","target":["https:\/\/spainiee.com\/en\/faq\/"]}]},{"@type":"BreadcrumbList","@id":"https:\/\/spainiee.com\/en\/faq\/#breadcrumb","itemListElement":[{"@type":"ListItem","position":1,"name":"Portada","item":"https:\/\/spainiee.com\/en\/"},{"@type":"ListItem","position":2,"name":"FAQ &#8211; Frequently Asked Questions"}]},{"@type":"WebSite","@id":"https:\/\/spainiee.com\/en\/#website","url":"https:\/\/spainiee.com\/en\/","name":"","description":"","potentialAction":[{"@type":"SearchAction","target":{"@type":"EntryPoint","urlTemplate":"https:\/\/spainiee.com\/en\/?s={search_term_string}"},"query-input":{"@type":"PropertyValueSpecification","valueRequired":true,"valueName":"search_term_string"}}],"inLanguage":"en-US"}]}},"_links":{"self":[{"href":"https:\/\/spainiee.com\/en\/wp-json\/wp\/v2\/pages\/959"}],"collection":[{"href":"https:\/\/spainiee.com\/en\/wp-json\/wp\/v2\/pages"}],"about":[{"href":"https:\/\/spainiee.com\/en\/wp-json\/wp\/v2\/types\/page"}],"author":[{"embeddable":true,"href":"https:\/\/spainiee.com\/en\/wp-json\/wp\/v2\/users\/1"}],"replies":[{"embeddable":true,"href":"https:\/\/spainiee.com\/en\/wp-json\/wp\/v2\/comments?post=959"}],"version-history":[{"count":1,"href":"https:\/\/spainiee.com\/en\/wp-json\/wp\/v2\/pages\/959\/revisions"}],"predecessor-version":[{"id":960,"href":"https:\/\/spainiee.com\/en\/wp-json\/wp\/v2\/pages\/959\/revisions\/960"}],"wp:attachment":[{"href":"https:\/\/spainiee.com\/en\/wp-json\/wp\/v2\/media?parent=959"}],"curies":[{"name":"wp","href":"https:\/\/api.w.org\/{rel}","templated":true}]}}