{"id":1289,"date":"2020-03-23T12:57:42","date_gmt":"2020-03-23T11:57:42","guid":{"rendered":"https:\/\/spainiee.com\/?page_id=1289"},"modified":"2024-02-12T19:00:33","modified_gmt":"2024-02-12T18:00:33","slug":"becas-y-ayudas","status":"publish","type":"page","link":"https:\/\/spainiee.com\/es\/becas-y-ayudas\/","title":{"rendered":"Becas y ayudas"},"content":{"rendered":"\n<div class=\"jq-home-carousel-section \">\n\t\t\t\t\t\n\t\t\t\t\t<div id=\"jq-home-carousel\" class=\"carousel slide\" data-ride=\"carousel\">\t<div class=\"carousel-inner\">\t\n\t\t<style type=\"text\/css\">\n\t\t\t  #jq-home-carousel-item-0 {background-image: url('https:\/\/spainiee.com\/wp-content\/uploads\/2020\/03\/Becas_ES.jpg'); }\n\t\t\t  @media (min-width: 768px) {#jq-home-carousel-item-0 { background-image: url('https:\/\/spainiee.com\/wp-content\/uploads\/2020\/03\/Becas_ES.jpg');}}\n\t\t\t  @media (min-width: 1200px) {#jq-home-carousel-item-0 { background-image: url('https:\/\/spainiee.com\/wp-content\/uploads\/2020\/03\/Becas_ES.jpg');}}\n\t\t<\/style><div id=\"jq-home-carousel-item-0\" class=\"carousel-item active\"  data-interval=\"false\"><div class=\"container-fluid\">\n\t\t\t\t\t<div class=\"row\">\n\t\t\t\t\t<div class=\"col-md-12\">\n\t\t\t\t\t\t<div class=\"jq-home-carousel-content\"><h1>  <\/h1><p>    <\/p>\n\t\t\t\t\t\t<\/div>\t\t<\/div>\n\t\t\t\t\t<\/div>\n\t\t\t\t\t<\/div><div id=\"jq-slide-read-more\" onclick=\"scrolldown()\"><i class=\"fas fa-chevron-circle-down\"><\/i><\/div>\t\t\t<\/div>\t<\/div> \t<\/div><\/div>\n\n\n\n<div class=\"jq-page-template\">\n    <div class=\"container\">\n\n\n\n<p><strong>INSTITUTO EDUCATIVO ESPA\u00d1OL<\/strong><\/p>\n\n\n\n<h2 class=\"wp-block-heading\"><strong>Solicitud de Beca 202<\/strong>4<\/h2>\n\n\n\n<p><strong>C\/ Jos\u00e9 Abascal, 32. 28003 Madrid \u00b7 Tel. +34 91.447.20.55 \u00b7 www.spainiee.com<\/strong><\/p>\n\n\n\n<p>Anualmente, el Instituto Educativo Espa\u00f1ol otorga ayudas parciales de estudios para los alumnos que, careciendo de suficientes medios econ\u00f3micos, acreditan un alto nivel acad\u00e9mico y\/o destacados m\u00e9ritos profesionales para optar a los Estudios de su inter\u00e9s. La Direcci\u00f3n para el Fondo de Ayudas al Estudio del Instituto Educativo Espa\u00f1ol comunicar\u00e1 la adjudicaci\u00f3n de las mismas en los tiempos establecidos.<\/p>\n\n\n\n<p>El Instituto Educativo Espa\u00f1ol es una instituci\u00f3n privada financiada por su actividad docente, correspondiendo a las Instituciones P\u00fablicas la concesi\u00f3n de Becas o Ayudas de m\u00e1s amplia dotaci\u00f3n. Los impresos correspondientes, disponibles en <a href=\"http:\/\/www.spainiee.com\">www.spainiee.com<\/a> , han de presentarse adjuntando la documentaci\u00f3n solicitada.<br><\/p>\n\n\n\n<h3 class=\"wp-block-heading\"><strong>NORMAS DE APLICACI\u00d3N GENERAL<\/strong><\/h3>\n\n\n\n<h4 class=\"wp-block-heading\"><strong>1. Objeto<\/strong><\/h4>\n\n\n\n<p>1.1. Esta convocatoria tiene por objeto la concesi\u00f3n de Ayuda al Estudio para alumnos extranjeros, que est\u00e9n interesados en el aprendizaje de la Lengua Espa\u00f1ola de los programas de estudios que imparte el Instituto Educativo Espa\u00f1ol.<br><\/p>\n\n\n\n<h4 class=\"wp-block-heading\"><strong>2. Beneficiarios<\/strong><\/h4>\n\n\n\n<p>2.1. Podr\u00e1n acogerse a las ayudas previstas en la presente convocatoria los alumnos extranjeros, que quieran matricularse en cualquiera de los estudios que ofrece el centro.<br><\/p>\n\n\n\n<h4 class=\"wp-block-heading\"><strong>3. Dotaci\u00f3n de las ayudas<\/strong><\/h4>\n\n\n\n<p>3.1. La dotaci\u00f3n econ\u00f3mica de cada una de ellas sobre el importe total del programa (descontada Reserva plaza o matr\u00edcula), se estudiar\u00e1 de manera individual. La ayuda no se otorga a todos los solicitantes, sino \u00fanicamente hasta agotar el Fondo destinado a tal efecto.<br><\/p>\n\n\n\n<h4 class=\"wp-block-heading\"><strong>4. Formalizaci\u00f3n de solicitudes<\/strong><\/h4>\n\n\n\n<p>4.1. Las solicitudes deber\u00e1n presentarse o enviarse por email a Admisiones del Instituto Educativo Espa\u00f1ol.&nbsp;<br><\/p>\n\n\n\n<p>&nbsp;4.2. Documentaci\u00f3n a presentar:\t\t\t<\/p>\n\n\n\n<p>a) Impreso de solicitud de Ayuda al Estudio debidamente cumplimentado y firmado.<\/p>\n\n\n\n<p>&nbsp;b) Fotocopia DNI o Pasaporte del alumno<\/p>\n\n\n\n<p>c) Expediente Acad\u00e9mico.<\/p>\n\n\n\n<p>d) Carta de motivaci\u00f3n.<br><\/p>\n\n\n\n<h4 class=\"wp-block-heading\"><strong>&#8211; OPCIONAL<\/strong>\t&#8211;<\/h4>\n\n\n\n<p>e) Declaraci\u00f3n de la Renta del n\u00facleo familiar, o propia en caso de ser independiente de los padres. Certificado de familia numerosa (si procede), orfandad o cualquier informaci\u00f3n que fuera relevante para justificar la petici\u00f3n.<\/p>\n\n\n\n<p>4.3. Documentaci\u00f3n a presentar (para alumnos extranjeros):<\/p>\n\n\n\n<p>a) Impreso de solicitud de Ayuda al Estudio debidamente cumplimentado y firmado. b) Fotocopia DNI o Pasaporte del alumno<\/p>\n\n\n\n<p>c) Expediente Acad\u00e9mico.<\/p>\n\n\n\n<p>d) Carta de motivaci\u00f3n \/\/ Transformadora<\/p>\n\n\n\n<p>e) Declaraci\u00f3n Jurada de ingresos familiares \t\t\t<\/p>\n\n\n\n<p>4.4. Si la documentaci\u00f3n aportada fuera incompleta o no reuniera los requisitos exigidos en esta resoluci\u00f3n, la solicitud ser\u00e1 desestimada.<\/p>\n\n\n\n<h4 class=\"wp-block-heading\"><strong>5. Resoluci\u00f3n de las Ayudas<\/strong><\/h4>\n\n\n\n<p>5.1. La resoluci\u00f3n de la concesi\u00f3n de las ayudas se efectuar\u00e1 por la Direccion del Instituto Educativo Espa\u00f1ol, formado, y ser\u00e1 comunicada al solicitante mediante correo electr\u00f3nico, tel\u00e9fono o correo postal.<\/p>\n\n\n\n<p>5.2. La solicitud de las ayudas podr\u00e1 efectuarse durante todo el a\u00f1o, salvo en temporadas en los que quedar\u00e1 cerrado a considerar por el Instituto Educativo Espa\u00f1ol.<br><\/p>\n\n\n\n<h4 class=\"wp-block-heading\"><strong>6. Requisitos<\/strong><\/h4>\n\n\n\n<p>6.1. Los estudiantes candidatos a las ayudas del Instituto Educativo Espa\u00f1ol deber\u00e1n estar previamente admitidos en los programas de estudios que imparte el Centro.\t\t\t\t\t<\/p>\n\n\n\n<p>6.2. La evaluaci\u00f3n de las solicitudes se realizar\u00e1 de acuerdo con los siguientes criterios:<\/p>\n\n\n\n<p>a)&nbsp; Carta de motiviaci\u00f3n<\/p>\n\n\n\n<p>b) Hacerse miembro y socio del carn\u00e9 del Instituto Educativo Espa\u00f1ol Global<\/p>\n\n\n\n<p>c) Recursos Econ\u00f3micos<\/p>\n\n\n\n<p>d) Fecha de convocatoria de Solicitud de Becas<\/p>\n\n\n\n<h4 class=\"wp-block-heading\"><strong>7. Seguimiento y justificaci\u00f3n<\/strong><\/h4>\n\n\n\n<p>7.1. El Instituto Educativo Espa\u00f1ol podr\u00e1 solicitar a los beneficiarios de las ayudas la informaci\u00f3n complementaria que se considere necesaria para justificar su adecuado aprovechamiento.<\/p>\n\n\n\n<p>7.2. Los beneficiarios de las ayudas estar\u00e1n sujetos a las actuaciones de seguimiento que lleve a cabo el Instituto Educativo Espa\u00f1ol.<br><\/p>\n\n\n\n<h4 class=\"wp-block-heading\"><strong>8. Obligaciones e Incumplimientos<\/strong><\/h4>\n\n\n\n<p>8.1. El alumno que se beneficie de este tipo de ayuda se compromete a:<br><\/p>\n\n\n\n<p>&#8211; Mantener un expediente acad\u00e9mico y de asistencia satisfactorio para todas las asignaturas del programa.<\/p>\n\n\n\n<p>&#8211;&nbsp; El alumno podr\u00e1 optar a colaborar en acciones disponibles relacionadas con la producci\u00f3n, gesti\u00f3n, administraci\u00f3n o programaci\u00f3n de actividades art\u00edstico-acad\u00e9micas, bajo la tutela de cualquiera de los departamentos internos del Centro, colaborando de este modo con el proyecto educativo del Instituto Educativo Espa\u00f1ol. Los departamentos del Centro Educativo Espa\u00f1ol informar\u00e1n peri\u00f3dicamente de las acciones disponibles que el alumno podr\u00e1 colaborar.<\/p>\n\n\n\n<p>8.2. El incumplimiento total o parcial de los requisitos y obligaciones establecidas en la presentes bases y dem\u00e1s normas aplicables dar\u00e1 lugar a la apertura de un expediente de incumplimiento, cuya resoluci\u00f3n podr\u00e1 dar lugar a la revocaci\u00f3n de la ayuda concedida, sin derecho a reclamaci\u00f3n alguna por parte del alumno.\t\t\t\t\t<br><\/p>\n\n\n\n<h4 class=\"wp-block-heading\"><strong>9. Ley Aplicable y Jurisdicci\u00f3n<\/strong><\/h4>\n\n\n\n<p>&#8211; Las presentes bases se rigen por la Ley Espa\u00f1ola. Para cuantas cuestiones puedan plantearse como consecuencia del presente documento, ser\u00e1n competentes los Juzgados y Tribunales de la ciudad de Madrid.<\/p>\n\n\n\n<p><a href=\"http:\/\/www.spainiee.com\">www.spainiee.com<\/a>&nbsp; | admisiones@spainiee.com | Tel. +34 91 290 98 46\t\t\t\t<\/p>\n\n\n\n<p>Instituto Educativo Espa\u00f1ol SL.\t\t\t\t\t\t\t<br><\/p>\n\n\n\n<p>C\/ Alcal\u00e1, 55. 28014 Madrid \u00b7 Tel. +34 91.290 98 46 \u00b7 www.spainiee.com<br><\/p>\n\n\n\n<\/div><\/div>\n\n\n<div class=\"jq-cursos-form-fullwidth\">\n\t\t\t<div class=\"col-xl-12 col-md-12 col-sm-12 col-12\">\n\t\t\t\t\t<p class=\"jq-iee-em\"> Solicitar inscripci\u00f3n <\/p>\n\t\t\t\t\t\n\t\t\t\t\t\t\n<div class=\"wpcf7 no-js\" id=\"wpcf7-f1491-o1\" lang=\"es-ES\" dir=\"ltr\">\n<div class=\"screen-reader-response\"><p role=\"status\" aria-live=\"polite\" aria-atomic=\"true\"><\/p> <ul><\/ul><\/div>\n<form action=\"\/es\/wp-json\/wp\/v2\/pages\/1289#wpcf7-f1491-o1\" method=\"post\" class=\"wpcf7-form init\" aria-label=\"Formulario de contacto\" novalidate=\"novalidate\" data-status=\"init\">\n<div style=\"display: none;\">\n<input type=\"hidden\" name=\"_wpcf7\" value=\"1491\" \/>\n<input type=\"hidden\" name=\"_wpcf7_version\" value=\"5.9.8\" \/>\n<input type=\"hidden\" name=\"_wpcf7_locale\" value=\"es_ES\" \/>\n<input type=\"hidden\" name=\"_wpcf7_unit_tag\" value=\"wpcf7-f1491-o1\" \/>\n<input type=\"hidden\" name=\"_wpcf7_container_post\" value=\"0\" \/>\n<input type=\"hidden\" name=\"_wpcf7_posted_data_hash\" value=\"\" \/>\n<input type=\"hidden\" name=\"_wpcf7_recaptcha_response\" value=\"\" \/>\n<\/div>\n<div class=\"row\">\n\t<p><label class=\"col-4\"> Nombre y apellidos* <\/label><br \/>\n<span class=\"col-8\"> <span class=\"wpcf7-form-control-wrap\" data-name=\"iee-contact-name\"><input size=\"40\" maxlength=\"400\" class=\"wpcf7-form-control wpcf7-text wpcf7-validates-as-required\" aria-required=\"true\" aria-invalid=\"false\" value=\"\" type=\"text\" name=\"iee-contact-name\" \/><\/span> <\/span>\n\t<\/p>\n<\/div>\n<div class=\"row\">\n\t<p><label class=\"col-4\"> Email* <\/label><br \/>\n<span class=\"col-8\"> <span class=\"wpcf7-form-control-wrap\" data-name=\"iee-contact-name-email\"><input size=\"40\" maxlength=\"400\" class=\"wpcf7-form-control wpcf7-email wpcf7-validates-as-required wpcf7-text wpcf7-validates-as-email\" aria-required=\"true\" aria-invalid=\"false\" value=\"\" type=\"email\" name=\"iee-contact-name-email\" \/><\/span> <\/span>\n\t<\/p>\n<\/div>\n<div class=\"row\">\n\t<p><label class=\"col-4\"> Tel\u00e9fono* <\/label><br \/>\n<span class=\"col-8\"> <span class=\"wpcf7-form-control-wrap\" data-name=\"iee-contact-tel\"><input size=\"40\" class=\"wpcf7-form-control wpcf7-phonetext wpcf7-validates-as-required wpcf7-text wpcf7-validates-as-phonetext\" aria-required=\"true\" aria-invalid=\"false\" value=\"\" type=\"text\" name=\"iee-contact-tel\" \/><input type=\"hidden\" name=\"iee-contact-tel-country-code\" class=\"wpcf7-phonetext-country-code\" \/><\/span> <\/span>\n\t<\/p>\n<\/div>\n<div class=\"row\">\n\t<p><label class=\"col-4\"> Notas <\/label><br \/>\n<span class=\"col-8\"> <span class=\"wpcf7-form-control-wrap\" data-name=\"iee-contact-notes\"><textarea cols=\"40\" rows=\"4\" maxlength=\"2000\" class=\"wpcf7-form-control wpcf7-textarea\" aria-invalid=\"false\" name=\"iee-contact-notes\"><\/textarea><\/span> <\/span>\n\t<\/p>\n<\/div>\n\n<p><input class=\"wpcf7-form-control wpcf7-submit has-spinner\" type=\"submit\" value=\"Enviar\" \/>\n<\/p><div class=\"wpcf7-response-output\" aria-hidden=\"true\"><\/div>\n<\/form>\n<\/div>\n  \n\t\t\t <\/div>\t\t\n\t\t<\/div>\n","protected":false},"excerpt":{"rendered":"<p>INSTITUTO EDUCATIVO ESPA\u00d1OL Solicitud de Beca 2024 C\/ Jos\u00e9 Abascal, 32. 28003 Madrid \u00b7 Tel. +34 91.447.20.55 \u00b7 www.spainiee.com Anualmente, el Instituto Educativo Espa\u00f1ol otorga ayudas parciales de estudios para los alumnos que, careciendo de suficientes medios econ\u00f3micos, acreditan un alto nivel acad\u00e9mico y\/o destacados m\u00e9ritos profesionales para optar a los Estudios de su inter\u00e9s. [&hellip;]<\/p>\n","protected":false},"author":1,"featured_media":0,"parent":0,"menu_order":0,"comment_status":"closed","ping_status":"closed","template":"index.php","meta":{"_monsterinsights_skip_tracking":false,"_monsterinsights_sitenote_active":false,"_monsterinsights_sitenote_note":"","_monsterinsights_sitenote_category":0,"footnotes":""},"class_list":["post-1289","page","type-page","status-publish","hentry"],"yoast_head":"<!-- This site is optimized with the Yoast SEO plugin v23.6 - https:\/\/yoast.com\/wordpress\/plugins\/seo\/ -->\n<title>Becas y ayudas - Educativo Espa\u00f1ol<\/title>\n<meta name=\"robots\" content=\"index, follow, max-snippet:-1, max-image-preview:large, max-video-preview:-1\" \/>\n<link rel=\"canonical\" href=\"https:\/\/spainiee.com\/es\/becas-y-ayudas\/\" \/>\n<meta property=\"og:locale\" content=\"es_ES\" \/>\n<meta property=\"og:type\" content=\"article\" \/>\n<meta property=\"og:title\" content=\"Becas y ayudas - Educativo Espa\u00f1ol\" \/>\n<meta property=\"og:description\" content=\"INSTITUTO EDUCATIVO ESPA\u00d1OL Solicitud de Beca 2024 C\/ Jos\u00e9 Abascal, 32. 28003 Madrid \u00b7 Tel. +34 91.447.20.55 \u00b7 www.spainiee.com Anualmente, el Instituto Educativo Espa\u00f1ol otorga ayudas parciales de estudios para los alumnos que, careciendo de suficientes medios econ\u00f3micos, acreditan un alto nivel acad\u00e9mico y\/o destacados m\u00e9ritos profesionales para optar a los Estudios de su inter\u00e9s. [&hellip;]\" \/>\n<meta property=\"og:url\" content=\"https:\/\/spainiee.com\/es\/becas-y-ayudas\/\" \/>\n<meta property=\"article:modified_time\" content=\"2024-02-12T18:00:33+00:00\" \/>\n<meta property=\"og:image\" content=\"https:\/\/spainiee.com\/wp-content\/uploads\/2020\/03\/LOGO.jpg\" \/>\n\t<meta property=\"og:image:width\" content=\"789\" \/>\n\t<meta property=\"og:image:height\" content=\"392\" \/>\n\t<meta property=\"og:image:type\" content=\"image\/jpeg\" \/>\n<meta name=\"twitter:card\" content=\"summary_large_image\" \/>\n<meta name=\"twitter:label1\" content=\"Tiempo de lectura\" \/>\n\t<meta name=\"twitter:data1\" content=\"4 minutos\" \/>\n<script type=\"application\/ld+json\" class=\"yoast-schema-graph\">{\"@context\":\"https:\/\/schema.org\",\"@graph\":[{\"@type\":\"WebPage\",\"@id\":\"https:\/\/spainiee.com\/es\/becas-y-ayudas\/\",\"url\":\"https:\/\/spainiee.com\/es\/becas-y-ayudas\/\",\"name\":\"Becas y ayudas - Educativo Espa\u00f1ol\",\"isPartOf\":{\"@id\":\"https:\/\/spainiee.com\/es\/#website\"},\"datePublished\":\"2020-03-23T11:57:42+00:00\",\"dateModified\":\"2024-02-12T18:00:33+00:00\",\"breadcrumb\":{\"@id\":\"https:\/\/spainiee.com\/es\/becas-y-ayudas\/#breadcrumb\"},\"inLanguage\":\"es\",\"potentialAction\":[{\"@type\":\"ReadAction\",\"target\":[\"https:\/\/spainiee.com\/es\/becas-y-ayudas\/\"]}]},{\"@type\":\"BreadcrumbList\",\"@id\":\"https:\/\/spainiee.com\/es\/becas-y-ayudas\/#breadcrumb\",\"itemListElement\":[{\"@type\":\"ListItem\",\"position\":1,\"name\":\"Portada\",\"item\":\"https:\/\/spainiee.com\/es\/\"},{\"@type\":\"ListItem\",\"position\":2,\"name\":\"Becas y ayudas\"}]},{\"@type\":\"WebSite\",\"@id\":\"https:\/\/spainiee.com\/es\/#website\",\"url\":\"https:\/\/spainiee.com\/es\/\",\"name\":\"\",\"description\":\"\",\"potentialAction\":[{\"@type\":\"SearchAction\",\"target\":{\"@type\":\"EntryPoint\",\"urlTemplate\":\"https:\/\/spainiee.com\/es\/?s={search_term_string}\"},\"query-input\":{\"@type\":\"PropertyValueSpecification\",\"valueRequired\":true,\"valueName\":\"search_term_string\"}}],\"inLanguage\":\"es\"}]}<\/script>\n<!-- \/ Yoast SEO plugin. -->","yoast_head_json":{"title":"Becas y ayudas - Educativo Espa\u00f1ol","robots":{"index":"index","follow":"follow","max-snippet":"max-snippet:-1","max-image-preview":"max-image-preview:large","max-video-preview":"max-video-preview:-1"},"canonical":"https:\/\/spainiee.com\/es\/becas-y-ayudas\/","og_locale":"es_ES","og_type":"article","og_title":"Becas y ayudas - Educativo Espa\u00f1ol","og_description":"INSTITUTO EDUCATIVO ESPA\u00d1OL Solicitud de Beca 2024 C\/ Jos\u00e9 Abascal, 32. 28003 Madrid \u00b7 Tel. +34 91.447.20.55 \u00b7 www.spainiee.com Anualmente, el Instituto Educativo Espa\u00f1ol otorga ayudas parciales de estudios para los alumnos que, careciendo de suficientes medios econ\u00f3micos, acreditan un alto nivel acad\u00e9mico y\/o destacados m\u00e9ritos profesionales para optar a los Estudios de su inter\u00e9s. [&hellip;]","og_url":"https:\/\/spainiee.com\/es\/becas-y-ayudas\/","article_modified_time":"2024-02-12T18:00:33+00:00","og_image":[{"width":789,"height":392,"url":"https:\/\/spainiee.com\/wp-content\/uploads\/2020\/03\/LOGO.jpg","type":"image\/jpeg"}],"twitter_card":"summary_large_image","twitter_misc":{"Tiempo de lectura":"4 minutos"},"schema":{"@context":"https:\/\/schema.org","@graph":[{"@type":"WebPage","@id":"https:\/\/spainiee.com\/es\/becas-y-ayudas\/","url":"https:\/\/spainiee.com\/es\/becas-y-ayudas\/","name":"Becas y ayudas - Educativo Espa\u00f1ol","isPartOf":{"@id":"https:\/\/spainiee.com\/es\/#website"},"datePublished":"2020-03-23T11:57:42+00:00","dateModified":"2024-02-12T18:00:33+00:00","breadcrumb":{"@id":"https:\/\/spainiee.com\/es\/becas-y-ayudas\/#breadcrumb"},"inLanguage":"es","potentialAction":[{"@type":"ReadAction","target":["https:\/\/spainiee.com\/es\/becas-y-ayudas\/"]}]},{"@type":"BreadcrumbList","@id":"https:\/\/spainiee.com\/es\/becas-y-ayudas\/#breadcrumb","itemListElement":[{"@type":"ListItem","position":1,"name":"Portada","item":"https:\/\/spainiee.com\/es\/"},{"@type":"ListItem","position":2,"name":"Becas y ayudas"}]},{"@type":"WebSite","@id":"https:\/\/spainiee.com\/es\/#website","url":"https:\/\/spainiee.com\/es\/","name":"","description":"","potentialAction":[{"@type":"SearchAction","target":{"@type":"EntryPoint","urlTemplate":"https:\/\/spainiee.com\/es\/?s={search_term_string}"},"query-input":{"@type":"PropertyValueSpecification","valueRequired":true,"valueName":"search_term_string"}}],"inLanguage":"es"}]}},"_links":{"self":[{"href":"https:\/\/spainiee.com\/es\/wp-json\/wp\/v2\/pages\/1289"}],"collection":[{"href":"https:\/\/spainiee.com\/es\/wp-json\/wp\/v2\/pages"}],"about":[{"href":"https:\/\/spainiee.com\/es\/wp-json\/wp\/v2\/types\/page"}],"author":[{"embeddable":true,"href":"https:\/\/spainiee.com\/es\/wp-json\/wp\/v2\/users\/1"}],"replies":[{"embeddable":true,"href":"https:\/\/spainiee.com\/es\/wp-json\/wp\/v2\/comments?post=1289"}],"version-history":[{"count":57,"href":"https:\/\/spainiee.com\/es\/wp-json\/wp\/v2\/pages\/1289\/revisions"}],"predecessor-version":[{"id":1967,"href":"https:\/\/spainiee.com\/es\/wp-json\/wp\/v2\/pages\/1289\/revisions\/1967"}],"wp:attachment":[{"href":"https:\/\/spainiee.com\/es\/wp-json\/wp\/v2\/media?parent=1289"}],"curies":[{"name":"wp","href":"https:\/\/api.w.org\/{rel}","templated":true}]}}