{"id":1348,"date":"2020-03-24T12:25:04","date_gmt":"2020-03-24T11:25:04","guid":{"rendered":"https:\/\/spainiee.com\/?page_id=1348"},"modified":"2023-05-17T14:22:42","modified_gmt":"2023-05-17T12:22:42","slug":"promocion-4x3","status":"publish","type":"page","link":"https:\/\/spainiee.com\/es\/promocion-4x3\/","title":{"rendered":"Promoci\u00f3n 4&#215;3"},"content":{"rendered":"<div class=\"jq-home-carousel-section \">\n\t\t\t\t\t\n\t\t\t\t\t<div id=\"jq-home-carousel\" class=\"carousel slide\" data-ride=\"carousel\">\t<div class=\"carousel-inner\">\t\n\t\t<style type=\"text\/css\">\n\t\t\t  #jq-home-carousel-item-0 {background-image: url('https:\/\/spainiee.com\/wp-content\/uploads\/2020\/03\/Offer4x3_ES.jpg'); }\n\t\t\t  @media (min-width: 768px) {#jq-home-carousel-item-0 { background-image: url('https:\/\/spainiee.com\/wp-content\/uploads\/2020\/03\/Offer4x3_LANDSCAPE_ES.jpg');}}\n\t\t\t  @media (min-width: 1200px) {#jq-home-carousel-item-0 { background-image: url('https:\/\/spainiee.com\/wp-content\/uploads\/2020\/03\/Offer4x3_LANDSCAPE_ES.jpg');}}\n\t\t<\/style><div id=\"jq-home-carousel-item-0\" class=\"carousel-item active\"  data-interval=\"false\"><div class=\"container-fluid\">\n\t\t\t\t\t<div class=\"row\">\n\t\t\t\t\t<div class=\"col-md-12\">\n\t\t\t\t\t\t<div class=\"jq-home-carousel-content\"><h1>  <\/h1><p>    <\/p>\n\t\t\t\t\t\t<\/div>\t\t<\/div>\n\t\t\t\t\t<\/div>\n\t\t\t\t\t<\/div><div id=\"jq-slide-read-more\" onclick=\"scrolldown()\"><i class=\"fas fa-chevron-circle-down\"><\/i><\/div>\t\t\t<\/div>\t<\/div> \t<\/div><\/div>\n\n\n\n<div class=\"jq-page-template\">\n    <div class=\"container jq-section-padding-bot\">\n\n\n\n<p><strong>EDUCATIVO ESPA\u00d1OL<\/strong><\/p>\n\n\n\n<h2 class=\"wp-block-heading\"><strong>Promoci\u00f3n 4&#215;3<\/strong><\/h2>\n\n\n\n<p><strong>C\/ Jos\u00e9 Abascal 32. 28003 Madrid \u00b7 Tel. +34 91.290.98.46 \u00b7 www.spainiee.com<\/strong><\/p>\n\n\n\n<p>Anualmente, el Instituto Educativo Espa\u00f1ol otorga la posibilidad para Nuevos Estudiantes del Centro, de acogerse a una Promoci\u00f3n del 10% en todos nuestros cursos que se soliciten a trav\u00e9s de nuestra web.<\/p>\n\n\n\n<p>Dicho descuento se aplica para ayudar a los alumnos a hacer frente a los cursos en su periodo de inicio. Adem\u00e1s, dicho descuento es independiente a la posibilidad de solicitar ayuda v\u00eda solicitud de becas.El Instituto Educativo Espa\u00f1ol es una instituci\u00f3n privada financiada por su actividad docente, correspondiendo a las Instituciones P\u00fablicas la concesi\u00f3n de Becas o Ayudas de m\u00e1s amplia dotaci\u00f3n. Los impresos correspondientes, disponibles en <a href=\"http:\/\/www.spainiee.com\">www.spainiee.com<\/a> , han de presentarse adjuntando la documentaci\u00f3n solicitada.\n\n<\/p>\n\n\n\n<\/div>\n\n\n<div class=\"jq-cursos-testimonial\">\n\t\t\t\t\t<div class=\"container\">\t<div class=\"row\">\n\t\t\t\t\t\t<div class=\"col-md-12\">\n\t\t\t\t\t\t\t<div id=\"jq-testimonial-carousel\" class=\"carousel slide\" data-ride=\"carousel\">\t\t\t\t<div class=\"carousel-inner\"><div id=\"jq-testimonial-carousel-item-0\" class=\"jq-course-testimonial-profesor carousel-item active\"  data-interval=\"5000\">\n\t\t\t\t\t<img decoding=\"async\" src=\"https:\/\/spainiee.com\/wp-content\/uploads\/2020\/03\/Julia.jpg\">\n\t\t\t\t\t<p>Julia <\/p>\n\t\t\t\t\t<div class=\"jq-course-testimonial-profesor-content\">Nada m\u00e1s llegar a Madrid fui al Instituto Cervantes para informarme y saber d\u00f3nde pod\u00eda estudiar espa\u00f1ol para mejorar mi nivel y poder estudiar en la Universidad al a\u00f1o siguiente. \u00a1Conoc\u00ed el Instituto Educativo Espa\u00f1ol! Y cuando me enter\u00e9 que me dieron una semana gratis solo para empezar el curso, no lo dude. La escuela es genial!!<\/div>\n\t\t\t\t<\/div>\t\t\t\t<\/div> \t\t\t\t<\/div><!--.carousel-->\n\t\t\t\t\t\t\t<\/div><!--.col-md-12-->\n\t\t\t\t\t\t<\/div><!--.row-->\t<\/div><!--.container-->\n\t\t\t\t<\/div><!--#jq-cursos-testimonial-->\n\n\n\n<div class=\"container jq-section-default\">\n\n\n\n<h3 class=\"has-text-align-center wp-block-heading\"><strong>SI QUIERES OPTAR A LA PROMOCI\u00d3N DEL\u00a0 4&#215;3<\/strong><\/h3>\n\n\n\n<p class=\"has-text-align-center\">Deja tus datos en el Formulario que se encuentra a continuaci\u00f3n, expresando que quieres acogerte a la promoci\u00f3n \u201c4&#215;3\u201d. De esta manera, podr\u00e1s acogerte al inicio del curso en las primeras semanas,\u00a0 en cualquiera de los estudios que ofrece el centro.<br><\/p>\n\n\n\n<\/div>\n\n\n<div class=\"jq-cursos-form-fullwidth\">\n\t\t\t<div class=\"col-xl-12 col-md-12 col-sm-12 col-12\">\n\t\t\t\t\t<p class=\"jq-iee-em\"> Solicitar inscripci\u00f3n <\/p>\n\t\t\t\t\t\n\t\t\t\t\t\t\n<div class=\"wpcf7 no-js\" id=\"wpcf7-f1494-o1\" lang=\"es-ES\" dir=\"ltr\">\n<div class=\"screen-reader-response\"><p role=\"status\" aria-live=\"polite\" aria-atomic=\"true\"><\/p> <ul><\/ul><\/div>\n<form action=\"\/es\/wp-json\/wp\/v2\/pages\/1348#wpcf7-f1494-o1\" method=\"post\" class=\"wpcf7-form init\" aria-label=\"Formulario de contacto\" novalidate=\"novalidate\" data-status=\"init\">\n<div style=\"display: none;\">\n<input type=\"hidden\" name=\"_wpcf7\" value=\"1494\" \/>\n<input type=\"hidden\" name=\"_wpcf7_version\" value=\"5.9.8\" \/>\n<input type=\"hidden\" name=\"_wpcf7_locale\" value=\"es_ES\" \/>\n<input type=\"hidden\" name=\"_wpcf7_unit_tag\" value=\"wpcf7-f1494-o1\" \/>\n<input type=\"hidden\" name=\"_wpcf7_container_post\" value=\"0\" \/>\n<input type=\"hidden\" name=\"_wpcf7_posted_data_hash\" value=\"\" \/>\n<input type=\"hidden\" name=\"_wpcf7_recaptcha_response\" value=\"\" \/>\n<\/div>\n<div class=\"row\">\n\t<p><label class=\"col-4\"> Nombre y apellidos* <\/label><br \/>\n<span class=\"col-8\"> <span class=\"wpcf7-form-control-wrap\" data-name=\"iee-contact-name\"><input size=\"40\" maxlength=\"400\" class=\"wpcf7-form-control wpcf7-text wpcf7-validates-as-required\" aria-required=\"true\" aria-invalid=\"false\" value=\"\" type=\"text\" name=\"iee-contact-name\" \/><\/span> <\/span>\n\t<\/p>\n<\/div>\n<div class=\"row\">\n\t<p><label class=\"col-4\"> Email* <\/label><br \/>\n<span class=\"col-8\"> <span class=\"wpcf7-form-control-wrap\" data-name=\"iee-contact-name-email\"><input size=\"40\" maxlength=\"400\" class=\"wpcf7-form-control wpcf7-email wpcf7-validates-as-required wpcf7-text wpcf7-validates-as-email\" aria-required=\"true\" aria-invalid=\"false\" value=\"\" type=\"email\" name=\"iee-contact-name-email\" \/><\/span> <\/span>\n\t<\/p>\n<\/div>\n<div class=\"row\">\n\t<p><label class=\"col-4\"> Tel\u00e9fono* <\/label><br \/>\n<span class=\"col-8\"> <span class=\"wpcf7-form-control-wrap\" data-name=\"iee-contact-tel\"><input size=\"40\" class=\"wpcf7-form-control wpcf7-phonetext wpcf7-validates-as-required wpcf7-text wpcf7-validates-as-phonetext\" aria-required=\"true\" aria-invalid=\"false\" value=\"\" type=\"text\" name=\"iee-contact-tel\" \/><input type=\"hidden\" name=\"iee-contact-tel-country-code\" class=\"wpcf7-phonetext-country-code\" \/><\/span> <\/span>\n\t<\/p>\n<\/div>\n<div class=\"row\">\n\t<p><label class=\"col-4\"> Notas <\/label><br \/>\n<span class=\"col-8\"> <span class=\"wpcf7-form-control-wrap\" data-name=\"iee-contact-notes\"><textarea cols=\"40\" rows=\"4\" maxlength=\"2000\" class=\"wpcf7-form-control wpcf7-textarea\" aria-invalid=\"false\" name=\"iee-contact-notes\"><\/textarea><\/span> <\/span>\n\t<\/p>\n<\/div>\n\n<p><input class=\"wpcf7-form-control wpcf7-submit has-spinner\" type=\"submit\" value=\"Enviar\" \/>\n<\/p><div class=\"wpcf7-response-output\" aria-hidden=\"true\"><\/div>\n<\/form>\n<\/div>\n  \n\t\t\t <\/div>\t\t\n\t\t<\/div>\n\n\n<div class=\"jq-offer-images-section\">\n\t\t\t\t\t\t<div class=\"container-fluid\">\n\t\t\t\t\t\t\t<div class=\"row\">\n\t\t\t\t\t\t\t\t<div class=\"col-xl-6 col-md-6 col-sm-6 col-12\">\n\t\t\t\t\t\t\t\t\t<div class=\"jq-box jq-box-center jq-box-height-4-2 jq-box-offset-0\">\n\t\t\t\t\t\t\t\t\t\t<div class=\"jq-box-container jq-box-image\">\n\t\t\t\t\t\t\t\t\t\t\t<img decoding=\"async\" src=\"https:\/\/spainiee.com\/wp-content\/uploads\/2020\/04\/presentaci\u00f3n-300x225.jpg\" srcset=\"https:\/\/spainiee.com\/wp-content\/uploads\/2020\/04\/presentaci\u00f3n-300x225.jpg 300w, https:\/\/spainiee.com\/wp-content\/uploads\/2020\/04\/presentaci\u00f3n.jpg 640w\" sizes=\"(max-width: 300px) 100vw, 300px\"   alt=\"IEE\">\n\t\t\t\t\t\t\t\t\t\t<\/div>\n\t\t\t\t\t\t\t\t\t<\/div>\n\t\t\t\t\t\t\t\t<\/div>\n\t\t\t\t\t\t\t\t<div class=\"col-xl-6 col-md-6 col-sm-6 col-12\">\n\t\t\t\t\t\t\t\t\t<div class=\"jq-box jq-box-center jq-box-height-4-2 jq-box-offset-0\">\n\t\t\t\t\t\t\t\t\t\t<div class=\"jq-box-container jq-box-image\">\n\t\t\t\t\t\t\t\t\t\t\t<img decoding=\"async\" src=\"https:\/\/spainiee.com\/wp-content\/uploads\/2020\/04\/aula-300x243.jpg\" srcset=\"https:\/\/spainiee.com\/wp-content\/uploads\/2020\/04\/aula-300x243.jpg 300w, https:\/\/spainiee.com\/wp-content\/uploads\/2020\/04\/aula.jpg 584w\" sizes=\"(max-width: 300px) 100vw, 300px\"   alt=\"IEE\">\n\t\t\t\t\t\t\t\t\t\t<\/div>\n\t\t\t\t\t\t\t\t\t<\/div>\n\t\t\t\t\t\t\t\t<\/div>\n\t\t\t\t\t\t\t\t<div class=\"col-xl-6 col-md-6 col-sm-6 col-12\">\n\t\t\t\t\t\t\t\t\t<div class=\"jq-box jq-box-center jq-box-height-4-2 jq-box-offset-0\">\n\t\t\t\t\t\t\t\t\t\t<div class=\"jq-box-container jq-box-image\">\n\t\t\t\t\t\t\t\t\t\t\t<img decoding=\"async\" src=\"https:\/\/spainiee.com\/wp-content\/uploads\/2020\/04\/clase-grupo-2-300x225.jpg\" srcset=\"https:\/\/spainiee.com\/wp-content\/uploads\/2020\/04\/clase-grupo-2-300x225.jpg 300w, https:\/\/spainiee.com\/wp-content\/uploads\/2020\/04\/clase-grupo-2-1024x768.jpg 1024w, https:\/\/spainiee.com\/wp-content\/uploads\/2020\/04\/clase-grupo-2-768x576.jpg 768w, https:\/\/spainiee.com\/wp-content\/uploads\/2020\/04\/clase-grupo-2-1536x1152.jpg 1536w, https:\/\/spainiee.com\/wp-content\/uploads\/2020\/04\/clase-grupo-2.jpg 1600w\" sizes=\"(max-width: 300px) 100vw, 300px\"   alt=\"IEE\">\n\t\t\t\t\t\t\t\t\t\t<\/div>\n\t\t\t\t\t\t\t\t\t<\/div>\n\t\t\t\t\t\t\t\t<\/div>\n\t\t\t\t\t\t\t\t<div class=\"col-xl-6 col-md-6 col-sm-6 col-12\">\n\t\t\t\t\t\t\t\t\t<div class=\"jq-box jq-box-center jq-box-height-4-2 jq-box-offset-0\">\n\t\t\t\t\t\t\t\t\t\t<div class=\"jq-box-container jq-box-image\">\n\t\t\t\t\t\t\t\t\t\t\t<img decoding=\"async\" src=\"https:\/\/spainiee.com\/wp-content\/uploads\/2020\/04\/sala-de-estudio-300x300.jpg\" srcset=\"https:\/\/spainiee.com\/wp-content\/uploads\/2020\/04\/sala-de-estudio-300x300.jpg 300w, https:\/\/spainiee.com\/wp-content\/uploads\/2020\/04\/sala-de-estudio-150x150.jpg 150w, https:\/\/spainiee.com\/wp-content\/uploads\/2020\/04\/sala-de-estudio-rotated.jpg 640w\" sizes=\"(max-width: 300px) 100vw, 300px\"   alt=\"IEE\">\n\t\t\t\t\t\t\t\t\t\t<\/div>\n\t\t\t\t\t\t\t\t\t<\/div>\n\t\t\t\t\t\t\t\t<\/div>\t\t<\/div>\t\n\t\t\t\t\t\t<\/div>\n\t\t\t\t\t<\/div>\n","protected":false},"excerpt":{"rendered":"<p>EDUCATIVO ESPA\u00d1OL Promoci\u00f3n 4&#215;3 C\/ Jos\u00e9 Abascal 32. 28003 Madrid \u00b7 Tel. +34 91.290.98.46 \u00b7 www.spainiee.com Anualmente, el Instituto Educativo Espa\u00f1ol otorga la posibilidad para Nuevos Estudiantes del Centro, de acogerse a una Promoci\u00f3n del 10% en todos nuestros cursos que se soliciten a trav\u00e9s de nuestra web. Dicho descuento se aplica para ayudar a [&hellip;]<\/p>\n","protected":false},"author":1,"featured_media":0,"parent":0,"menu_order":0,"comment_status":"closed","ping_status":"closed","template":"","meta":{"_monsterinsights_skip_tracking":false,"_monsterinsights_sitenote_active":false,"_monsterinsights_sitenote_note":"","_monsterinsights_sitenote_category":0,"footnotes":""},"class_list":["post-1348","page","type-page","status-publish","hentry"],"yoast_head":"<!-- This site is optimized with the Yoast SEO plugin v23.6 - https:\/\/yoast.com\/wordpress\/plugins\/seo\/ -->\n<title>Promoci\u00f3n 4x3 -<\/title>\n<meta name=\"robots\" content=\"index, follow, max-snippet:-1, max-image-preview:large, max-video-preview:-1\" \/>\n<link rel=\"canonical\" href=\"https:\/\/spainiee.com\/es\/promocion-4x3\/\" \/>\n<meta property=\"og:locale\" content=\"es_ES\" \/>\n<meta property=\"og:type\" content=\"article\" \/>\n<meta property=\"og:title\" content=\"Promoci\u00f3n 4x3 -\" \/>\n<meta property=\"og:description\" content=\"EDUCATIVO ESPA\u00d1OL Promoci\u00f3n 4&#215;3 C\/ Jos\u00e9 Abascal 32. 28003 Madrid \u00b7 Tel. +34 91.290.98.46 \u00b7 www.spainiee.com Anualmente, el Instituto Educativo Espa\u00f1ol otorga la posibilidad para Nuevos Estudiantes del Centro, de acogerse a una Promoci\u00f3n del 10% en todos nuestros cursos que se soliciten a trav\u00e9s de nuestra web. Dicho descuento se aplica para ayudar a [&hellip;]\" \/>\n<meta property=\"og:url\" content=\"https:\/\/spainiee.com\/es\/promocion-4x3\/\" \/>\n<meta property=\"article:modified_time\" content=\"2023-05-17T12:22:42+00:00\" \/>\n<meta property=\"og:image\" content=\"https:\/\/spainiee.com\/wp-content\/uploads\/2020\/03\/LOGO.jpg\" \/>\n\t<meta property=\"og:image:width\" content=\"789\" \/>\n\t<meta property=\"og:image:height\" content=\"392\" \/>\n\t<meta property=\"og:image:type\" content=\"image\/jpeg\" \/>\n<meta name=\"twitter:card\" content=\"summary_large_image\" \/>\n<meta name=\"twitter:label1\" content=\"Tiempo de lectura\" \/>\n\t<meta name=\"twitter:data1\" content=\"1 minuto\" \/>\n<script type=\"application\/ld+json\" class=\"yoast-schema-graph\">{\"@context\":\"https:\/\/schema.org\",\"@graph\":[{\"@type\":\"WebPage\",\"@id\":\"https:\/\/spainiee.com\/es\/promocion-4x3\/\",\"url\":\"https:\/\/spainiee.com\/es\/promocion-4x3\/\",\"name\":\"Promoci\u00f3n 4x3 -\",\"isPartOf\":{\"@id\":\"https:\/\/spainiee.com\/es\/#website\"},\"datePublished\":\"2020-03-24T11:25:04+00:00\",\"dateModified\":\"2023-05-17T12:22:42+00:00\",\"breadcrumb\":{\"@id\":\"https:\/\/spainiee.com\/es\/promocion-4x3\/#breadcrumb\"},\"inLanguage\":\"es\",\"potentialAction\":[{\"@type\":\"ReadAction\",\"target\":[\"https:\/\/spainiee.com\/es\/promocion-4x3\/\"]}]},{\"@type\":\"BreadcrumbList\",\"@id\":\"https:\/\/spainiee.com\/es\/promocion-4x3\/#breadcrumb\",\"itemListElement\":[{\"@type\":\"ListItem\",\"position\":1,\"name\":\"Portada\",\"item\":\"https:\/\/spainiee.com\/es\/\"},{\"@type\":\"ListItem\",\"position\":2,\"name\":\"Promoci\u00f3n 4&#215;3\"}]},{\"@type\":\"WebSite\",\"@id\":\"https:\/\/spainiee.com\/es\/#website\",\"url\":\"https:\/\/spainiee.com\/es\/\",\"name\":\"\",\"description\":\"\",\"potentialAction\":[{\"@type\":\"SearchAction\",\"target\":{\"@type\":\"EntryPoint\",\"urlTemplate\":\"https:\/\/spainiee.com\/es\/?s={search_term_string}\"},\"query-input\":{\"@type\":\"PropertyValueSpecification\",\"valueRequired\":true,\"valueName\":\"search_term_string\"}}],\"inLanguage\":\"es\"}]}<\/script>\n<!-- \/ Yoast SEO plugin. -->","yoast_head_json":{"title":"Promoci\u00f3n 4x3 -","robots":{"index":"index","follow":"follow","max-snippet":"max-snippet:-1","max-image-preview":"max-image-preview:large","max-video-preview":"max-video-preview:-1"},"canonical":"https:\/\/spainiee.com\/es\/promocion-4x3\/","og_locale":"es_ES","og_type":"article","og_title":"Promoci\u00f3n 4x3 -","og_description":"EDUCATIVO ESPA\u00d1OL Promoci\u00f3n 4&#215;3 C\/ Jos\u00e9 Abascal 32. 28003 Madrid \u00b7 Tel. +34 91.290.98.46 \u00b7 www.spainiee.com Anualmente, el Instituto Educativo Espa\u00f1ol otorga la posibilidad para Nuevos Estudiantes del Centro, de acogerse a una Promoci\u00f3n del 10% en todos nuestros cursos que se soliciten a trav\u00e9s de nuestra web. Dicho descuento se aplica para ayudar a [&hellip;]","og_url":"https:\/\/spainiee.com\/es\/promocion-4x3\/","article_modified_time":"2023-05-17T12:22:42+00:00","og_image":[{"width":789,"height":392,"url":"https:\/\/spainiee.com\/wp-content\/uploads\/2020\/03\/LOGO.jpg","type":"image\/jpeg"}],"twitter_card":"summary_large_image","twitter_misc":{"Tiempo de lectura":"1 minuto"},"schema":{"@context":"https:\/\/schema.org","@graph":[{"@type":"WebPage","@id":"https:\/\/spainiee.com\/es\/promocion-4x3\/","url":"https:\/\/spainiee.com\/es\/promocion-4x3\/","name":"Promoci\u00f3n 4x3 -","isPartOf":{"@id":"https:\/\/spainiee.com\/es\/#website"},"datePublished":"2020-03-24T11:25:04+00:00","dateModified":"2023-05-17T12:22:42+00:00","breadcrumb":{"@id":"https:\/\/spainiee.com\/es\/promocion-4x3\/#breadcrumb"},"inLanguage":"es","potentialAction":[{"@type":"ReadAction","target":["https:\/\/spainiee.com\/es\/promocion-4x3\/"]}]},{"@type":"BreadcrumbList","@id":"https:\/\/spainiee.com\/es\/promocion-4x3\/#breadcrumb","itemListElement":[{"@type":"ListItem","position":1,"name":"Portada","item":"https:\/\/spainiee.com\/es\/"},{"@type":"ListItem","position":2,"name":"Promoci\u00f3n 4&#215;3"}]},{"@type":"WebSite","@id":"https:\/\/spainiee.com\/es\/#website","url":"https:\/\/spainiee.com\/es\/","name":"","description":"","potentialAction":[{"@type":"SearchAction","target":{"@type":"EntryPoint","urlTemplate":"https:\/\/spainiee.com\/es\/?s={search_term_string}"},"query-input":{"@type":"PropertyValueSpecification","valueRequired":true,"valueName":"search_term_string"}}],"inLanguage":"es"}]}},"_links":{"self":[{"href":"https:\/\/spainiee.com\/es\/wp-json\/wp\/v2\/pages\/1348"}],"collection":[{"href":"https:\/\/spainiee.com\/es\/wp-json\/wp\/v2\/pages"}],"about":[{"href":"https:\/\/spainiee.com\/es\/wp-json\/wp\/v2\/types\/page"}],"author":[{"embeddable":true,"href":"https:\/\/spainiee.com\/es\/wp-json\/wp\/v2\/users\/1"}],"replies":[{"embeddable":true,"href":"https:\/\/spainiee.com\/es\/wp-json\/wp\/v2\/comments?post=1348"}],"version-history":[{"count":20,"href":"https:\/\/spainiee.com\/es\/wp-json\/wp\/v2\/pages\/1348\/revisions"}],"predecessor-version":[{"id":1915,"href":"https:\/\/spainiee.com\/es\/wp-json\/wp\/v2\/pages\/1348\/revisions\/1915"}],"wp:attachment":[{"href":"https:\/\/spainiee.com\/es\/wp-json\/wp\/v2\/media?parent=1348"}],"curies":[{"name":"wp","href":"https:\/\/api.w.org\/{rel}","templated":true}]}}