{"id":1706,"date":"2020-06-12T12:15:46","date_gmt":"2020-06-12T10:15:46","guid":{"rendered":"https:\/\/spainiee.com\/online-spanish-courses\/"},"modified":"2020-06-16T18:32:11","modified_gmt":"2020-06-16T16:32:11","slug":"online-spanish-courses","status":"publish","type":"page","link":"https:\/\/spainiee.com\/es\/online-spanish-courses\/","title":{"rendered":"Cursos de espa\u00f1ol Online"},"content":{"rendered":"<div class=\"jq-home-carousel-section jq-online-course-carousel\">\n\t\t\t\t\t\n\t\t\t\t\t<div id=\"jq-home-carousel\" class=\"carousel slide\" data-ride=\"carousel\">\t<div class=\"carousel-inner\">\t\n\t\t<style type=\"text\/css\">\n\t\t\t  #jq-home-carousel-item-0 {background-image: url('https:\/\/spainiee.com\/wp-content\/uploads\/2020\/06\/online_course_intro_prov.jpg'); }\n\t\t\t  @media (min-width: 768px) {#jq-home-carousel-item-0 { background-image: url('https:\/\/spainiee.com\/wp-content\/uploads\/2020\/06\/online_course_intro_prov.jpg');}}\n\t\t\t  @media (min-width: 1200px) {#jq-home-carousel-item-0 { background-image: url('https:\/\/spainiee.com\/wp-content\/uploads\/2020\/06\/online_course_intro_prov.jpg');}}\n\t\t<\/style><div id=\"jq-home-carousel-item-0\" class=\"carousel-item active\"  data-interval=\"false\"><div class=\"jq-mask\"><\/div><div class=\"container-fluid\">\n\t\t\t\t\t<div class=\"row\">\n\t\t\t\t\t<div class=\"col-md-12\">\n\t\t\t\t\t\t<div class=\"jq-home-carousel-content\"><h1> Cursos de espa\u00f1ol Online <\/h1><p>  <p><strong>Aprende espa\u00f1ol desde cualquier lugar en cualquier momento.<\/strong><\/p>\r\n\r\n<p>Nuestros cursos de Espa\u00f1ol a distancia facilitan el aprendizaje para todo tipo de niveles. Nuestro m\u00e9todo a distancia es sencillo y pr\u00e1ctico y todo con la misma garant\u00eda y calidad que nuestros cursos presenciales.<p>\r\n\r\n<p><strong><i>No pierdas la oportunidad de aprender o mejorar tu espa\u00f1ol desde cualquier parte del mundo.<\/i><\/strong><\/p>  <\/p>\n\t\t\t\t\t\t<\/div>\t\t<\/div>\n\t\t\t\t\t<\/div>\n\t\t\t\t\t<\/div><div id=\"jq-slide-read-more\" onclick=\"scrolldown()\"><i class=\"fas fa-chevron-circle-down\"><\/i><\/div>\t\t\t<\/div>\t<\/div> \t<\/div><\/div>\n\n<div class=\"jq-iee-online-intro-section\">\n\t\t\t\t\t<div class=\"container\">\n\t\t\t\t\t\t<div class=\"row\">\t\n\t\t\t\t\t\t\t<div class=\"col-md-12\">\n\t\t\t\t\t\t\t\t<h2 class=\"jq-iee-home-title\"> Te ofrecemos una variedad de programas online para los niveles A1, A2, B1 y B2  <\/h2>\n\t\t\t\t\t\t\t<\/div>\n\t\t\t\t\t\t\t<div class=\"col-md-12\"> \n<p class=\"jq-iee-p\"> Nuestra escuela, acreditadas por el prestigioso Instituto Cervantes, pone a t\u00fa disposici\u00f3n unos cursos online entretenidos, din\u00e1micos y rigurosos para que alcances tu meta de conocer y hablar el Espa\u00f1ol.<\/p>\n<p class=\"jq-iee-p\"> Aprende espa\u00f1ol sin moverte de casa, con todas las garant\u00edas de un curso presencial pero de forma on line.<\/p>\n<p class=\"jq-iee-p\"> Actualmente ofrecemos cursos on line que comprenden los niveles A1, A2, B1 y B2, con posibilidad de iniciar las clases cada lunes. Las clases son din\u00e1micas, divertidas y entretenidas.<\/p>\n <\/div>\n\t\t\t\t\t\t<\/div>\n\t\t\t\t\t<\/div>\n\t\t\t\t<\/div>\n\n<div class=\"jq-two-cols-image-section\">\t\n\t\t\t\t\t<div class=\"container-fluid\">\n\t\t\t\t\t\t<div class=\"row  row-eq-height\"><div class=\"col-md-6 col-sm-12 order-md-2 jq-image-background\" style=\"background-image: url(https:\/\/spainiee.com\/wp-content\/uploads\/2020\/06\/online_course_classes_prov.jpg)\"> <\/div><div class=\"col-md-6 col-sm-12 order-md-1\" >\n\t\t\t\t\t\t<h2> Divertidas clases online <\/h2> \n\t\t\t\t\t\t<p>\nDivertidos e intensivos de espa\u00f1ol donde mejorar\u00e1s cada clase online y cada d\u00eda.\n <\/p>\t\t\t\t\t\t\n\t\t\t\t\t  <\/div>\t\t<\/div>\n\t\t\t\t\t<\/div>\n\t\t\t\t<\/div>\n\n<div class=\"jq-two-cols-image-section\">\t\n\t\t\t\t\t<div class=\"container-fluid\">\n\t\t\t\t\t\t<div class=\"row  row-eq-height\"><div class=\"col-md-6 col-sm-12  jq-image-background\" style=\"background-image: url(https:\/\/spainiee.com\/wp-content\/uploads\/2020\/06\/online_course_teachers_prov.jpg)\"> <\/div><div class=\"col-md-6 col-sm-12 \" >\n\t\t\t\t\t\t<h2> Profesoras acreditadas <\/h2> \n\t\t\t\t\t\t<p>\nCon profesoras altamente cualificadas con una gran experiencia en la ense\u00f1anza del espa\u00f1ol.\n <\/p>\t\t\t\t\t\t\n\t\t\t\t\t  <\/div>\t\t<\/div>\n\t\t\t\t\t<\/div>\n\t\t\t\t<\/div>\n\n<div class=\"jq-two-cols-image-section\">\t\n\t\t\t\t\t<div class=\"container-fluid\">\n\t\t\t\t\t\t<div class=\"row  row-eq-height\"><div class=\"col-md-6 col-sm-12 order-md-2 jq-image-background\" style=\"background-image: url(https:\/\/spainiee.com\/wp-content\/uploads\/2020\/06\/online_course_levels_prov.jpg)\"> <\/div><div class=\"col-md-6 col-sm-12 order-md-1\" >\n\t\t\t\t\t\t<h2> Especializados por nivel <\/h2> \n\t\t\t\t\t\t<p>\nReducidos y especializados por niveles para que puedas integrarte facilmente.\n\n <\/p>\t\t\t\t\t\t\n\t\t\t\t\t  <\/div>\t\t<\/div>\n\t\t\t\t\t<\/div>\n\t\t\t\t<\/div>\n<div id=\"jq-slider-patrocinadores\" class=\"jq-cursos-partners\">\n<div class=\"container\">\n<div class=\"row\">\n<div class=\"col-md-12\">\n<h2 class=\"jq-iee-home-title\">Colaboradores<\/h2>\n<\/div>\n<div class=\"col-md-12\"><div id=\"jq-slider-patrocinadores-content\">\n\t\t\t\t\t<div class=\"anchor\"><a id=\"Colaboradores\" name=\"Colaboradores\"> <\/a><\/div>\n\t\t\t\t\t<div class=\"container\">\n\t\t\t\t\t\t<div class=\"\" >\n\t\t\t\t\t\t\t\t<section class=\"partner-logos slider\"><div class=\"slide\"><div class=\"slide-title\"><span> Chinese Western Exchange <\/span><\/div><img decoding=\"async\"  src=\"https:\/\/spainiee.com\/wp-content\/uploads\/2020\/03\/Colab_logo_CWE.jpg\" alt=\"\"><\/div><div class=\"slide\"><div class=\"slide-title\"><span> Curso de espa\u00f1ol de Acceso a la Universidad (CAU) <\/span><\/div><img decoding=\"async\"  src=\"https:\/\/spainiee.com\/wp-content\/uploads\/2019\/07\/Colab_logo_cau.jpg\" alt=\"\"><\/div><div class=\"slide\"><div class=\"slide-title\"><span> Jaque Asesores <\/span><\/div><img decoding=\"async\"  src=\"https:\/\/spainiee.com\/wp-content\/uploads\/2020\/03\/Colab_logo_Jaque.jpg\" alt=\"\"><\/div><div class=\"slide\"><div class=\"slide-title\"><span> Madrid Fine Art Journeys <\/span><\/div><img decoding=\"async\"  src=\"https:\/\/spainiee.com\/wp-content\/uploads\/2020\/03\/Colab_logo_faj.jpg\" alt=\"\"><\/div>\t\t\t<\/section> <!-- .customer-logos -->\n\t\t\t\t\t\t<\/div> <!-- .row -->\n\t\t\t\t\t<\/div> <!-- .container -->\n\t\t\t   <\/div><!-- .jq-slider-logo --> <\/div>\n<\/div>\n<\/div>\n<\/div>\n<div class=\"jq-cursos-form-fullwidth\">\n\t\t\t<div class=\"col-xl-12 col-md-12 col-sm-12 col-12\">\n\t\t\t\t\t<p class=\"jq-iee-em\"> No esperes m\u00e1s\u2026, ap\u00fantate ya en el siguiente formulario: <\/p>\n\t\t\t\t\t\n\t\t\t\t\t\t\n<div class=\"wpcf7 no-js\" id=\"wpcf7-f1088-o1\" lang=\"es-ES\" dir=\"ltr\">\n<div class=\"screen-reader-response\"><p role=\"status\" aria-live=\"polite\" aria-atomic=\"true\"><\/p> <ul><\/ul><\/div>\n<form action=\"\/es\/wp-json\/wp\/v2\/pages\/1706#wpcf7-f1088-o1\" method=\"post\" class=\"wpcf7-form init\" aria-label=\"Formulario de contacto\" novalidate=\"novalidate\" data-status=\"init\">\n<div style=\"display: none;\">\n<input type=\"hidden\" name=\"_wpcf7\" value=\"1088\" \/>\n<input type=\"hidden\" name=\"_wpcf7_version\" value=\"5.9.8\" \/>\n<input type=\"hidden\" name=\"_wpcf7_locale\" value=\"es_ES\" \/>\n<input type=\"hidden\" name=\"_wpcf7_unit_tag\" value=\"wpcf7-f1088-o1\" \/>\n<input type=\"hidden\" name=\"_wpcf7_container_post\" value=\"0\" \/>\n<input type=\"hidden\" name=\"_wpcf7_posted_data_hash\" value=\"\" \/>\n<input type=\"hidden\" name=\"_wpcf7_recaptcha_response\" value=\"\" \/>\n<\/div>\n<div class=\"row\">\n\t<p><label class=\"col-4\"> Nombre y apellidos* <\/label><br \/>\n<span class=\"col-8\"> <span class=\"wpcf7-form-control-wrap\" data-name=\"iee-contact-name\"><input size=\"40\" maxlength=\"400\" class=\"wpcf7-form-control wpcf7-text wpcf7-validates-as-required\" aria-required=\"true\" aria-invalid=\"false\" value=\"\" type=\"text\" name=\"iee-contact-name\" \/><\/span> <\/span>\n\t<\/p>\n<\/div>\n<div class=\"row\">\n\t<p><label class=\"col-4\"> Email* <\/label><br \/>\n<span class=\"col-8\"> <span class=\"wpcf7-form-control-wrap\" data-name=\"iee-contact-name-email\"><input size=\"40\" maxlength=\"400\" class=\"wpcf7-form-control wpcf7-email wpcf7-validates-as-required wpcf7-text wpcf7-validates-as-email\" aria-required=\"true\" aria-invalid=\"false\" value=\"\" type=\"email\" name=\"iee-contact-name-email\" \/><\/span> <\/span>\n\t<\/p>\n<\/div>\n<div class=\"row\">\n\t<p><label class=\"col-4\"> Tel\u00e9fono* <\/label><br \/>\n<span class=\"col-8\"> <span class=\"wpcf7-form-control-wrap\" data-name=\"iee-contact-tel\"><input size=\"40\" minlength=\"10\" class=\"wpcf7-form-control wpcf7-phonetext wpcf7-validates-as-required wpcf7-text wpcf7-validates-as-phonetext\" aria-required=\"true\" aria-invalid=\"false\" value=\"\" type=\"text\" name=\"iee-contact-tel\" \/><input type=\"hidden\" name=\"iee-contact-tel-country-code\" class=\"wpcf7-phonetext-country-code\" \/><\/span> <\/span>\n\t<\/p>\n<\/div>\n<div class=\"row\">\n\t<p><label class=\"col-4\"> Curso* <\/label><br \/>\n<span class=\"col-8\"> <span class=\"wpcf7-form-control-wrap\" data-name=\"iee-contact-course\"><select class=\"wpcf7-form-control wpcf7-select\" aria-invalid=\"false\" name=\"iee-contact-course\"><option value=\"\">&#8212;Por favor, elige una opci\u00f3n&#8212;<\/option><option value=\"Intensive Courses\">Intensive Courses<\/option><option value=\"Private Lessons\">Private Lessons<\/option><option value=\"Courses for professionals\">Courses for professionals<\/option><option value=\"Dele o Siele\">Dele o Siele<\/option><option value=\"Access to university CAU\">Access to university CAU<\/option><option value=\"Football and studies\">Football and studies<\/option><option value=\"Summer Camps\">Summer Camps<\/option><option value=\"Mini Stays\">Mini Stays<\/option><\/select><\/span> <\/span>\n\t<\/p>\n<\/div>\n<div class=\"row\">\n\t<p><label class=\"col-4\"> Nivel de espa\u00f1ol* <\/label><br \/>\n<span class=\"col-8\"> <span class=\"wpcf7-form-control-wrap\" data-name=\"iee-contact-course\"><select class=\"wpcf7-form-control wpcf7-select\" aria-invalid=\"false\" name=\"iee-contact-course\"><option value=\"\">&#8212;Por favor, elige una opci\u00f3n&#8212;<\/option><option value=\"Dont know\">Dont know<\/option><option value=\"A1\">A1<\/option><option value=\"A2\">A2<\/option><option value=\"B1\">B1<\/option><option value=\"B2\">B2<\/option><option value=\"C1\">C1<\/option><\/select><\/span> <\/span>\n\t<\/p>\n<\/div>\n<div class=\"row\">\n\t<p><label class=\"col-4\"> Notas <\/label><br \/>\n<span class=\"col-8\"> <span class=\"wpcf7-form-control-wrap\" data-name=\"iee-contact-notes\"><textarea cols=\"40\" rows=\"4\" maxlength=\"2000\" class=\"wpcf7-form-control wpcf7-textarea\" aria-invalid=\"false\" name=\"iee-contact-notes\"><\/textarea><\/span> <\/span>\n\t<\/p>\n<\/div>\n\n<p><input class=\"wpcf7-form-control wpcf7-submit has-spinner\" type=\"submit\" value=\"Enviar\" \/>\n<\/p><div class=\"wpcf7-response-output\" aria-hidden=\"true\"><\/div>\n<\/form>\n<\/div>\n  \n\t\t\t <\/div>\t\t\n\t\t<\/div>","protected":false},"excerpt":{"rendered":"<p>Colaboradores<\/p>\n","protected":false},"author":1,"featured_media":0,"parent":0,"menu_order":0,"comment_status":"closed","ping_status":"closed","template":"","meta":{"_monsterinsights_skip_tracking":false,"_monsterinsights_sitenote_active":false,"_monsterinsights_sitenote_note":"","_monsterinsights_sitenote_category":0,"footnotes":""},"class_list":["post-1706","page","type-page","status-publish","hentry"],"yoast_head":"<!-- This site is optimized with the Yoast SEO plugin v23.6 - https:\/\/yoast.com\/wordpress\/plugins\/seo\/ -->\n<title>Cursos de espa\u00f1ol Online -<\/title>\n<meta name=\"robots\" content=\"index, follow, max-snippet:-1, max-image-preview:large, max-video-preview:-1\" \/>\n<link rel=\"canonical\" href=\"https:\/\/spainiee.com\/es\/online-spanish-courses\/\" \/>\n<meta property=\"og:locale\" content=\"es_ES\" \/>\n<meta property=\"og:type\" content=\"article\" \/>\n<meta property=\"og:title\" content=\"Cursos de espa\u00f1ol Online -\" \/>\n<meta property=\"og:description\" content=\"Colaboradores\" \/>\n<meta property=\"og:url\" content=\"https:\/\/spainiee.com\/es\/online-spanish-courses\/\" \/>\n<meta property=\"article:modified_time\" content=\"2020-06-16T16:32:11+00:00\" \/>\n<meta property=\"og:image\" content=\"https:\/\/spainiee.com\/wp-content\/uploads\/2020\/03\/LOGO.jpg\" \/>\n\t<meta property=\"og:image:width\" content=\"789\" \/>\n\t<meta property=\"og:image:height\" content=\"392\" \/>\n\t<meta property=\"og:image:type\" content=\"image\/jpeg\" \/>\n<meta name=\"twitter:card\" content=\"summary_large_image\" \/>\n<meta name=\"twitter:label1\" content=\"Tiempo de lectura\" \/>\n\t<meta name=\"twitter:data1\" content=\"1 minuto\" \/>\n<script type=\"application\/ld+json\" class=\"yoast-schema-graph\">{\"@context\":\"https:\/\/schema.org\",\"@graph\":[{\"@type\":\"WebPage\",\"@id\":\"https:\/\/spainiee.com\/es\/online-spanish-courses\/\",\"url\":\"https:\/\/spainiee.com\/es\/online-spanish-courses\/\",\"name\":\"Cursos de espa\u00f1ol Online -\",\"isPartOf\":{\"@id\":\"https:\/\/spainiee.com\/es\/#website\"},\"datePublished\":\"2020-06-12T10:15:46+00:00\",\"dateModified\":\"2020-06-16T16:32:11+00:00\",\"breadcrumb\":{\"@id\":\"https:\/\/spainiee.com\/es\/online-spanish-courses\/#breadcrumb\"},\"inLanguage\":\"es\",\"potentialAction\":[{\"@type\":\"ReadAction\",\"target\":[\"https:\/\/spainiee.com\/es\/online-spanish-courses\/\"]}]},{\"@type\":\"BreadcrumbList\",\"@id\":\"https:\/\/spainiee.com\/es\/online-spanish-courses\/#breadcrumb\",\"itemListElement\":[{\"@type\":\"ListItem\",\"position\":1,\"name\":\"Portada\",\"item\":\"https:\/\/spainiee.com\/es\/\"},{\"@type\":\"ListItem\",\"position\":2,\"name\":\"Cursos de espa\u00f1ol Online\"}]},{\"@type\":\"WebSite\",\"@id\":\"https:\/\/spainiee.com\/es\/#website\",\"url\":\"https:\/\/spainiee.com\/es\/\",\"name\":\"\",\"description\":\"\",\"potentialAction\":[{\"@type\":\"SearchAction\",\"target\":{\"@type\":\"EntryPoint\",\"urlTemplate\":\"https:\/\/spainiee.com\/es\/?s={search_term_string}\"},\"query-input\":{\"@type\":\"PropertyValueSpecification\",\"valueRequired\":true,\"valueName\":\"search_term_string\"}}],\"inLanguage\":\"es\"}]}<\/script>\n<!-- \/ Yoast SEO plugin. -->","yoast_head_json":{"title":"Cursos de espa\u00f1ol Online -","robots":{"index":"index","follow":"follow","max-snippet":"max-snippet:-1","max-image-preview":"max-image-preview:large","max-video-preview":"max-video-preview:-1"},"canonical":"https:\/\/spainiee.com\/es\/online-spanish-courses\/","og_locale":"es_ES","og_type":"article","og_title":"Cursos de espa\u00f1ol Online -","og_description":"Colaboradores","og_url":"https:\/\/spainiee.com\/es\/online-spanish-courses\/","article_modified_time":"2020-06-16T16:32:11+00:00","og_image":[{"width":789,"height":392,"url":"https:\/\/spainiee.com\/wp-content\/uploads\/2020\/03\/LOGO.jpg","type":"image\/jpeg"}],"twitter_card":"summary_large_image","twitter_misc":{"Tiempo de lectura":"1 minuto"},"schema":{"@context":"https:\/\/schema.org","@graph":[{"@type":"WebPage","@id":"https:\/\/spainiee.com\/es\/online-spanish-courses\/","url":"https:\/\/spainiee.com\/es\/online-spanish-courses\/","name":"Cursos de espa\u00f1ol Online -","isPartOf":{"@id":"https:\/\/spainiee.com\/es\/#website"},"datePublished":"2020-06-12T10:15:46+00:00","dateModified":"2020-06-16T16:32:11+00:00","breadcrumb":{"@id":"https:\/\/spainiee.com\/es\/online-spanish-courses\/#breadcrumb"},"inLanguage":"es","potentialAction":[{"@type":"ReadAction","target":["https:\/\/spainiee.com\/es\/online-spanish-courses\/"]}]},{"@type":"BreadcrumbList","@id":"https:\/\/spainiee.com\/es\/online-spanish-courses\/#breadcrumb","itemListElement":[{"@type":"ListItem","position":1,"name":"Portada","item":"https:\/\/spainiee.com\/es\/"},{"@type":"ListItem","position":2,"name":"Cursos de espa\u00f1ol Online"}]},{"@type":"WebSite","@id":"https:\/\/spainiee.com\/es\/#website","url":"https:\/\/spainiee.com\/es\/","name":"","description":"","potentialAction":[{"@type":"SearchAction","target":{"@type":"EntryPoint","urlTemplate":"https:\/\/spainiee.com\/es\/?s={search_term_string}"},"query-input":{"@type":"PropertyValueSpecification","valueRequired":true,"valueName":"search_term_string"}}],"inLanguage":"es"}]}},"_links":{"self":[{"href":"https:\/\/spainiee.com\/es\/wp-json\/wp\/v2\/pages\/1706"}],"collection":[{"href":"https:\/\/spainiee.com\/es\/wp-json\/wp\/v2\/pages"}],"about":[{"href":"https:\/\/spainiee.com\/es\/wp-json\/wp\/v2\/types\/page"}],"author":[{"embeddable":true,"href":"https:\/\/spainiee.com\/es\/wp-json\/wp\/v2\/users\/1"}],"replies":[{"embeddable":true,"href":"https:\/\/spainiee.com\/es\/wp-json\/wp\/v2\/comments?post=1706"}],"version-history":[{"count":9,"href":"https:\/\/spainiee.com\/es\/wp-json\/wp\/v2\/pages\/1706\/revisions"}],"predecessor-version":[{"id":1746,"href":"https:\/\/spainiee.com\/es\/wp-json\/wp\/v2\/pages\/1706\/revisions\/1746"}],"wp:attachment":[{"href":"https:\/\/spainiee.com\/es\/wp-json\/wp\/v2\/media?parent=1706"}],"curies":[{"name":"wp","href":"https:\/\/api.w.org\/{rel}","templated":true}]}}