{"id":234,"date":"2019-07-03T12:10:32","date_gmt":"2019-07-03T10:10:32","guid":{"rendered":"https:\/\/spainiee.com\/?page_id=234"},"modified":"2020-02-25T15:05:53","modified_gmt":"2020-02-25T14:05:53","slug":"quienes-somos","status":"publish","type":"page","link":"https:\/\/spainiee.com\/es\/quienes-somos\/","title":{"rendered":"Quienes Somos"},"content":{"rendered":"<div class=\"jq-home-carousel-section \">\n\t\t\t\t\t\n\t\t\t\t\t<div id=\"jq-home-carousel\" class=\"carousel slide\" data-ride=\"carousel\">\t<div class=\"carousel-inner\">\t\n\t\t<style type=\"text\/css\">\n\t\t\t  #jq-home-carousel-item-0 {background-image: url('https:\/\/spainiee.com\/wp-content\/uploads\/2019\/06\/Intro_iee.jpg'); }\n\t\t\t  @media (min-width: 768px) {#jq-home-carousel-item-0 { background-image: url('https:\/\/spainiee.com\/wp-content\/uploads\/2019\/06\/Intro_iee.jpg');}}\n\t\t\t  @media (min-width: 1200px) {#jq-home-carousel-item-0 { background-image: url('https:\/\/spainiee.com\/wp-content\/uploads\/2019\/06\/Intro_iee.jpg');}}\n\t\t<\/style><div id=\"jq-home-carousel-item-0\" class=\"carousel-item active\"  data-interval=\"false\"><div class=\"jq-mask\"><\/div><div class=\"container-fluid\">\n\t\t\t\t\t<div class=\"row\">\n\t\t\t\t\t<div class=\"col-md-12\">\n\t\t\t\t\t\t<div class=\"jq-home-carousel-content\"><h1> \u00bfQuienes somos? <\/h1><p>  El Instituto Educativo Espa\u00f1ol somos el primer centro de aprendizaje del espa\u00f1ol para extranjeros con vocaci\u00f3n internacional, y visi\u00f3n y conceptualizaci\u00f3n digital.  <\/p>\n\t\t\t\t\t\t<\/div>\t\t<\/div>\n\t\t\t\t\t<\/div>\n\t\t\t\t\t<\/div><div id=\"jq-slide-read-more\" onclick=\"scrolldown()\"><i class=\"fas fa-chevron-circle-down\"><\/i><\/div>\t\t\t<\/div>\t<\/div> \t<\/div><\/div>\n<div class=\"jq-aboutus-intro-section\">\n\t\t\t\t\t<div class=\"container\">\n\t\t\t\t\t\t<div class=\"row\">\t\n\t\t\t\t\t\t\t<div class=\"col-md-12\">\n\t\t\t\t\t\t\t\t<h2 class=\"jq-iee-home-title\"> \u00bfQu\u00e9 es <img decoding=\"async\" src=\"https:\/\/spainiee.com\/wp-content\/uploads\/2020\/02\/favicon.png\" srcset=\"\" sizes=\"(max-width: 108px) 100vw, 108px\"   alt=\"IEE\">?<\/h2>\n\t\t\t\t\t\t\t<\/div>\n\t\t\t\t\t\t<\/div>\t\n\t\t\t\t\t\t<div class=\"row\">\t\t\n\t\t\t\t\t\t\t<div class=\"col-xl-6 col-md-7 col-sm-12 col-12\">\n\t\t\t\t\t\t\t\t<p> El Instituto Educativo Espa\u00f1ol fundamenta su metodolog\u00eda en un modelo de aprendizaje que combina los par\u00e1metros de ense\u00f1anza convencionales con las nuevas necesidades de comunicaci\u00f3n, l\u00fadico e interactivo, retroalimentado por el permanente respaldo de las nuevas tecnolog\u00edas, y que facilita y garantiza el proceso de conocimiento del espa\u00f1ol. <\/p> \n\t\t\t\t\t\t\t\t\n\t\t\t\t\t\t\t\t<p>Aprender o perfeccionar el espa\u00f1ol en Instituto Educativo Espa\u00f1ol implica sumergirse en el idioma viviendo y experimentando la cultura, el arte, la gastronom\u00eda, las costumbres, el deporte o las tradiciones aut\u00f3ctonas (universo 360), en un contexto presencial o a distancia, con entornos online o virtuales, y con tutor\u00edas o monitorizaci\u00f3n permanentes (365\/24). <\/p>\n\t\t\t\t\t\t\t\t<p class=\"jq-iee-em\">Calidad y reconocimiento de nuestro Centro, el Instituto Educativo Espa\u00f1ol ha obtenido la acreditaci\u00f3n del Instituto Cervantes, lo que significa que cumple con las condiciones establecidas por el Sistema de Acreditaci\u00f3n de Centros Instituto Cervantes, la \u00fanica acreditaci\u00f3n en el \u00e1mbito internacional centrada exclusivamente en la ense\u00f1anza de espa\u00f1ol como lengua extranjera. <\/p>\n\t\t\t\t\t\t\t\t\n\t\t\t\t\t\t\t<\/div>\n\t\t\t\t\t\t\t<div class=\"col-xl-6 col-md-5 col-sm-12 col-12 my-xl-0 my-md-0 my-2\"> \n\t\t\t\t\t\t\t\t<img decoding=\"async\" class=\"jq-image-full jq-image-centered jq-image-rounded\" src=\"https:\/\/spainiee.com\/wp-content\/uploads\/2019\/06\/que_es_iee-300x200.jpg\" srcset=\"https:\/\/spainiee.com\/wp-content\/uploads\/2019\/06\/que_es_iee-300x200.jpg 300w, https:\/\/spainiee.com\/wp-content\/uploads\/2019\/06\/que_es_iee-768x512.jpg 768w, https:\/\/spainiee.com\/wp-content\/uploads\/2019\/06\/que_es_iee-1024x683.jpg 1024w, https:\/\/spainiee.com\/wp-content\/uploads\/2019\/06\/que_es_iee.jpg 1920w\" sizes=\"(max-width: 300px) 100vw, 300px\"   alt=\"IEE\">\n\t\t\t\t\t\t\t\t<p class=\"jq-iee-sub mt-2\">Nuestro Instituto vive para p\u00fablicos interesados en un espacio de <strong> calidad <\/strong> y orientado a resultados, con docentes de m\u00e1xima cualificaci\u00f3n que aman su profesi\u00f3n y comprometidos con un <strong> nuevo modo de aprender el espa\u00f1ol<\/strong>.<\/p>\t\t\t\t\t\t\t\t\n\t\t\t\t\t\t\t<\/div>\n\t\t\t\t\t\t<\/div>\t\n\t\t\t\t\t<\/div>\n\t\t\t\t\t<div class=\"jq-line-separator jq-line-separator-left\"><\/div><div class=\"jq-circle-separator jq-circle-separator-left\"><\/div>\n\t\t\t\t<\/div>\n<div class=\"jq-aboutus-offer-section\">\n\t\t\t\t\t<div class=\"container\">\n\t\t\t\t\t\t<div class=\"row\">\t\n\t\t\t\t\t\t\t<div class=\"col-md-12\">\n\t\t\t\t\t\t\t\t<h2 class=\"jq-iee-home-title\">\u00bfQu\u00e9 ofrece <img decoding=\"async\" src=\"https:\/\/spainiee.com\/wp-content\/uploads\/2020\/02\/favicon.png\" srcset=\"\" sizes=\"(max-width: 108px) 100vw, 108px\"   alt=\"IEE\"> ?<\/h2>\n\t\t\t\t\t\t\t<\/div>\n\t\t\t\t\t\t<\/div>\n\t\t\t\t\t\t<div class=\"row\">\t\n\t\t\t\t\t\t\t<div class=\"col-md-12\">\t\t\n\t\t\t\t\t\t\t\t<p>El Instituto Educativo Espa\u00f1ol es una instituci\u00f3n privada, con visi\u00f3n internacional y global, que ofrece: <\/p>\n\t\t\t\t\t\t\t<\/div>\n\t\t\t\t\t\t<\/div>\n\t\t\t\t\t\t<div class=\"row jq-aboutus-offer-items\">\t\t\t\n\t\t\t\t\t\t\t<div class=\"col-lg-2 col-sm-4 offset-lg-1 col-12\"> \n\t\t\t\t\t\t\t\t<img decoding=\"async\" src=\"https:\/\/spainiee.com\/wp-content\/uploads\/2019\/06\/Grados-300x300.png\" srcset=\"https:\/\/spainiee.com\/wp-content\/uploads\/2019\/06\/Grados-300x300.png 300w, https:\/\/spainiee.com\/wp-content\/uploads\/2019\/06\/Grados-150x150.png 150w, https:\/\/spainiee.com\/wp-content\/uploads\/2019\/06\/Grados.png 593w\" sizes=\"(max-width: 300px) 100vw, 300px\"   alt=\"Grados oficiales\">\t\t\t\t\t\t\t\t\n\t\t\t\t\t\t\t\t<h3> Centro Acreditado por el Instituto Cervantes <\/h3>\n\t\t\t\t\t\t\t\t<p> Cumple con las condiciones establecidas por el Sistema de Acreditaci\u00f3n de Centros Instituto Cervantes<\/p>\n\t\t\t\t\t\t\t<\/div>\n\t\t\t\t\t\t\t<div class=\"col-lg-2 col-sm-4 col-12\">\n\t\t\t\t\t\t\t\t<img decoding=\"async\" src=\"https:\/\/spainiee.com\/wp-content\/uploads\/2019\/06\/Diploma-300x300.png\" srcset=\"https:\/\/spainiee.com\/wp-content\/uploads\/2019\/06\/Diploma-300x300.png 300w, https:\/\/spainiee.com\/wp-content\/uploads\/2019\/06\/Diploma-150x150.png 150w, https:\/\/spainiee.com\/wp-content\/uploads\/2019\/06\/Diploma.png 593w\" sizes=\"(max-width: 300px) 100vw, 300px\"   alt=\"Diplomas\">\t\t\t\t\t\t\t\t\n\t\t\t\t\t\t\t\t<h3> DELE y Examen Siele  <\/h3>\n\t\t\t\t\t\t\t\t<p> En nuestro Centro preparamos a los estudiantes para la obtenci\u00f3n del DELE y somos Centro Examinador SIELE.<\/p>\n\t\t\t\t\t\t\t<\/div>\n\t\t\t\t\t\t\t<div class=\"col-lg-2 col-sm-4 col-12\">\n\t\t\t\t\t\t\t\t<img decoding=\"async\" src=\"https:\/\/spainiee.com\/wp-content\/uploads\/2019\/06\/Pre_universitarios-300x300.png\" srcset=\"https:\/\/spainiee.com\/wp-content\/uploads\/2019\/06\/Pre_universitarios-300x300.png 300w, https:\/\/spainiee.com\/wp-content\/uploads\/2019\/06\/Pre_universitarios-150x150.png 150w, https:\/\/spainiee.com\/wp-content\/uploads\/2019\/06\/Pre_universitarios.png 593w\" sizes=\"(max-width: 300px) 100vw, 300px\"   alt=\"Cursos pre-universitarios\">\t\t\t\t\t\t\t\t\n\t\t\t\t\t\t\t\t<h3> Diferentes tipos de cursos <\/h3>\n\t\t\t\t\t\t\t\t<p>  Diferentes tipos de nivel adecuados a cada necesidad. <\/p>\n\t\t\t\t\t\t\t<\/div>\n\t\t\t\t\t\t\t<div class=\"col-lg-2 col-sm-6 col-12\">\n\t\t\t\t\t\t\t\t<img decoding=\"async\" src=\"https:\/\/spainiee.com\/wp-content\/uploads\/2019\/06\/Executive-300x300.png\" srcset=\"https:\/\/spainiee.com\/wp-content\/uploads\/2019\/06\/Executive-300x300.png 300w, https:\/\/spainiee.com\/wp-content\/uploads\/2019\/06\/Executive-150x150.png 150w, https:\/\/spainiee.com\/wp-content\/uploads\/2019\/06\/Executive.png 594w\" sizes=\"(max-width: 300px) 100vw, 300px\"   alt=\"Programas Executive\">\t\t\t\t\t\t\t\t\n\t\t\t\t\t\t\t\t<h3> Programas Executive <\/h3>\n\t\t\t\t\t\t\t\t<p>  Para profesionales y compa\u00f1\u00edas que necesiten promover el aprendizaje del espa\u00f1ol para sus colectivos, empleados o colaboradores.<\/p>\n\t\t\t\t\t\t\t<\/div>\n\t\t\t\t\t\t\t<div class=\"col-lg-2 col-sm-6 col-12\">\n\t\t\t\t\t\t\t\t<img decoding=\"async\" src=\"https:\/\/spainiee.com\/wp-content\/uploads\/2019\/06\/A_la_carta-300x300.png\" srcset=\"https:\/\/spainiee.com\/wp-content\/uploads\/2019\/06\/A_la_carta-300x300.png 300w, https:\/\/spainiee.com\/wp-content\/uploads\/2019\/06\/A_la_carta-150x150.png 150w, https:\/\/spainiee.com\/wp-content\/uploads\/2019\/06\/A_la_carta.png 593w\" sizes=\"(max-width: 300px) 100vw, 300px\"   alt=\"Cursos a la carta\">\t\t\t\t\t\t\t\t\n\t\t\t\t\t\t\t\t<h3> Cursos a la carta <\/h3>\n\t\t\t\t\t\t\t\t<p> Programas de Espa\u00f1ol a la Carta<\/p>\n\t\t\t\t\t\t\t<\/div>\t\t\t\t\t\t\t\t\n\t\t\t\t\t\t<\/div>\t\t\t\t\t\n\t\t\t\t\t<\/div>\n\t\t\t\t\t<div class=\"jq-line-separator jq-line-separator-right\"><\/div><div class=\"jq-circle-separator jq-circle-separator-right\"><\/div>\n\t\t\t\t<\/div>\n<div class=\"jq-aboutus-vision-section\">\n\t\t\t\t\t<div class=\"container\">\n\t\t\t\t\t\t<div class=\"row\">\t\n\t\t\t\t\t\t\t<div class=\"col-md-12\">\n\t\t\t\t\t\t\t\t<h2 class=\"jq-iee-home-title\"> Visi\u00f3n y misi\u00f3n corporativas <\/h2>\n\t\t\t\t\t\t\t<\/div>\n\t\t\t\t\t\t<\/div>\t\n\t\t\t\t\t\t<div class=\"row\">\t\n\t\t\t\t\t\t\t<div class=\"col-xl-4 col-md-12 col-12\">\t\t\t \n\t\t\t\t\t\t\t\t<h3 class=\"jq-iee-subtitle\" >Visi\u00f3n<\/h3>\n\t\t\t\t\t\t\t\t<p>La promoci\u00f3n y consolidaci\u00f3n de la cultura y la lengua espa\u00f1olas representan una cuesti\u00f3n estrat\u00e9gica, por el potencial de este idioma como veh\u00edculo de comunicaci\u00f3n, de cara al desarrollo, bienestar y progreso de los ciudadanos del siglo XXI. <\/p>\n\t\t\t\t\t\t\t<\/div>\n\t\t\t\t\t\t\t<div class=\"col-xl-4 col-md-12 col-12\">\t\t\t\t\t\t\t\t\t \n\t\t\t\t\t\t\t\t<h3 class=\"jq-iee-subtitle\"> Misi\u00f3n institucional <\/h3>\n\t\t\t\t\t\t\t\t<p>Promover el uso de la lengua espa\u00f1ola y expandir el conocimiento y el contacto con todo lo que representa su cultura, adapt\u00e1ndose a las nuevas exigencias que demandan los procesos educativos en esta materia.<\/p>\n\t\t\t\t\t\t\t<\/div>\n\t\t\t\t\t\t\t<div class=\"col-xl-4 col-md-12 col-12\">\t\t\t\t\t\t\t\t\t \n\t\t\t\t\t\t\t\t<h3 class=\"jq-iee-subtitle\"> Misi\u00f3n acad\u00e9mica <\/h3>\n\t\t\t\t\t\t\t\t<p>Considerando al alumno como el eje de todo el proceso de aprendizaje, modernizar la ense\u00f1anza del idioma espa\u00f1ol, a trav\u00e9s de la innovaci\u00f3n, el entretenimiento y la educaci\u00f3n de excelencia, con el objetivo \u00faltimo de formar a profesionales globales.<\/p>\n\t\t\t\t\t\t\t<\/div>\n\t\t\t\t\t\t<\/div>\n\t\t\t\t\t<\/div>\n\t\t\t\t\t<div class=\"jq-line-separator jq-line-separator-left\"><\/div><div class=\"jq-circle-separator jq-circle-separator-left\"><\/div>\n\t\t\t\t<\/div>\n<div class=\"jq-aboutus-history-section\">\n\t\t\t\t\t<div class=\"container\">\n\t\t\t\t\t\t<div class=\"row\">\t\n\t\t\t\t\t\t\t<div class=\"col-md-12\">\n\t\t\t\t\t\t\t\t<h2 class=\"jq-iee-home-title\">La historia del <img decoding=\"async\" src=\"https:\/\/spainiee.com\/wp-content\/uploads\/2020\/02\/favicon.png\" srcset=\"\" sizes=\"(max-width: 108px) 100vw, 108px\"   alt=\"IEE\"> <\/h2>\n\t\t\t\t\t\t\t<\/div>\t\n\t\t\t\t\t\t\t<div class=\"col-md-6\">\n\t\t\t\t\t\t\t\t<p>El Instituto Educativo Espa\u00f1ol proviene de una marca educativa de referencia en la ense\u00f1anza profesional de idiomas: <strong> Sheffield Centre <\/strong>. Con m\u00e1s de 35 a\u00f1os de experiencia, miles de alumnos formados, varias sedes en Espa\u00f1a y en el extranjero, y la m\u00e1s amplia red de colaboradores en nuestro pa\u00eds.<\/p> \n\t\t\t\t\t\t\t\t<p class=\"font-weight-bold\">Un escenario educativo diferencial por su apuesta por la calidad educativa, la profesionalizaci\u00f3n, la cualificaci\u00f3n del profesorado y la satisfacci\u00f3n de sus alumnos. <\/p>\n\t\t\t\t\t\t\t\t<p>Sobre los pilares de estas premisas, a partir de 2015, el centro se focaliza en la ense\u00f1anza del idioma espa\u00f1ol, nutri\u00e9ndose de toda la experiencia acumulada por Sheffield en el \u00e1rea formativa.<\/p>\n\t\t\t\t\t\t\t\t<p>Y se da inicio a un nuevo proyecto innovador, disruptivo y fundamentado en las nuevas tecnolog\u00edas que se configura y concreta en 2019 en la nueva marca: el Instituto Educativo Espa\u00f1ol. <\/p>\t\t\t\t\t\t\t\t \n\t\t\t\t\t\t\t\t<p class=\"font-weight-bold\">Nuestra Escuela nace como respuesta a una necesidad existente en el modelo de ense\u00f1anza de la lengua espa\u00f1ola, combinando los modelos convencionales con las \u00faltimas tecnolog\u00edas aplicadas a la ense\u00f1anza basadas en el Marco Com\u00fan Europeo de Referencia y el Plan Curricular del Instituto Cervantes. <\/p>\n\t\t\t\t\t\t\t\t<p>Viene a ocupar un espacio que demandan los ciudadanos del siglo XXI, habituados a formarse e interaccionar optimizando las nuevas tecnolog\u00edas digitales.<\/p>\n\t\t\t\t\t\t\t\t<p>Los alumnos se convierten en el centro del proceso formativo, que se dise\u00f1a por y para ellos, con el objetivo de que adquieran sus competencias de forma diferente, atractiva, innovadora y entretenida, utilizando los m\u00e1s variados canales y formatos.<\/p>\n\t\t\t\t\t\t\t\t<p  class=\"jq-iee-em\">Con el Instituto Educativo Espa\u00f1ol se desarrolla la historia de un viaje educativo que se inici\u00f3 hace m\u00e1s de tres d\u00e9cadas y que tiene como destino consolidar al espa\u00f1ol como un idioma universal, imprescindible para el futuro de un planeta global -estrechamente interconectado-, y multidimensional, real y virtual.<\/p>\n\t\t\t\t\t\t\t<\/div>\t\n\t\t\t\t\t\t\t<div class=\"col-md-6\">\n\t\t\t\t\t\t\t\t<p>El m\u00e9todo Educativo Espa\u00f1ol favorece un acceso al conocimiento a trav\u00e9s del juego y la gamificaci\u00f3n, el aprovechamiento de la revoluci\u00f3n digital, y las sinergias que se fusionan en un equipo docente de m\u00e1xima cualificaci\u00f3n que a\u00fana el expertise de Sheffield Centre con la integraci\u00f3n de los nuevos estilos de ense\u00f1anza.<\/p> \n\t\t\t\t\t\t\t\t<p>Un modelo asentado en estos tres pilares de \u00e9xito, que abarca un escenario de aprendizaje pre\u00f1ado de experiencias que lo hacen inolvidable, as\u00ed como muy ameno y mucho m\u00e1s eficiente.<\/p>\n\t\t\t\t\t\t\t\t<p>Desde la aplicaci\u00f3n de:<\/p>\n\t\t\t\t\t\t\t\t\n\t\t\t\t\t\t\t\t<ul class=\"jq-icon-list\">\n\t\t\t\t\t\t\t\t\t<li> <i class=\"fas fa-check\"><\/i>M\u00e9todo comunicativo basado en el enfoque por tareas, atendiendo a su triple dimensi\u00f3n.(agente social, intercultural y aut\u00f3nomo) <\/li> \t\t\t\t\t\t\t\t \n\t\t\t\t\t\t\t\t\t<li> <i class=\"fas fa-check\"><\/i> Permanente vivencia de experiencias l\u00fadicas y de ocio, <\/li>\n\t\t\t\t\t\t\t\t\t<li> <i class=\"fas fa-check\"><\/i> Incorporaci\u00f3n de metodolog\u00edas propias de escuelas de negocios, como el estudio de casos, <\/li>\n\t\t\t\t\t\t\t\t\t<li> <i class=\"fas fa-check\"><\/i>Y rubricando el proceso con la optimizaci\u00f3n del universo digital, habilitando mecanismos de formaci\u00f3n online, campus virtual, uso de aplicaciones, tablets, tutor\u00edas 24 horas\u2026<\/li>\t\n\t\t\t\t\t\t\t\t\t<li> <i class=\"fas fa-check\"><\/i>Cursos adaptados a las necesidades de los alumnos y estructurados seg\u00fan los 6 niveles oficiales del Marco Com\u00fan Europeo de Referencia (MCER)<\/li>\t\n\t\t\t\t\t\t\t\t<\/ul>\n\t\t\t\t\t\t\t\t\n\t\t\t\t\t\t\t\t<img decoding=\"async\" class=\"jq-image-full jq-image-centered jq-image-rounded\" src=\"https:\/\/spainiee.com\/wp-content\/uploads\/2019\/06\/cibeles-300x200.jpg\" srcset=\"https:\/\/spainiee.com\/wp-content\/uploads\/2019\/06\/cibeles-300x200.jpg 300w, https:\/\/spainiee.com\/wp-content\/uploads\/2019\/06\/cibeles-768x512.jpg 768w, https:\/\/spainiee.com\/wp-content\/uploads\/2019\/06\/cibeles-1024x683.jpg 1024w, https:\/\/spainiee.com\/wp-content\/uploads\/2019\/06\/cibeles.jpg 1920w\" sizes=\"(max-width: 300px) 100vw, 300px\"   alt=\"IEE\">\t\t\t\t\t\t\t\n\t\t\t\t\t\t\t\t<p class=\"jq-iee-sub mt-2\">Y todo ello, desde el coraz\u00f3n, cultural, art\u00edstico y social de Madrid, junto a la Puerta de Alcal\u00e1 y el parque del Retiro, enclave ideal para tomar el pulso a la ciudad, al pa\u00eds y una lengua que hoy hablan millones de personas.<\/p>\n\n\t\t\t\t\t\t\t<\/div>\t\n\t\t\t\t\t\t<\/div>\n\t\t\t\t\t<\/div>\n\t\t\t\t\t\n\t\t\t\t<\/div>","protected":false},"excerpt":{"rendered":"","protected":false},"author":1,"featured_media":0,"parent":0,"menu_order":0,"comment_status":"closed","ping_status":"closed","template":"","meta":{"_monsterinsights_skip_tracking":false,"_monsterinsights_sitenote_active":false,"_monsterinsights_sitenote_note":"","_monsterinsights_sitenote_category":0,"footnotes":""},"class_list":["post-234","page","type-page","status-publish","hentry"],"yoast_head":"<!-- This site is optimized with the Yoast SEO plugin v23.6 - https:\/\/yoast.com\/wordpress\/plugins\/seo\/ -->\n<title>\u25b7 \u00bfQui\u00e9nes somos? - Instituto Educativo Espa\u00f1ol<\/title>\n<meta name=\"description\" content=\"El Instituto Educativo Espa\u00f1ol somos un centro de aprendizaje del espa\u00f1ol para extranjeros con vocaci\u00f3n internacional y conceptualizaci\u00f3n digital.\" \/>\n<meta name=\"robots\" content=\"index, follow, max-snippet:-1, max-image-preview:large, max-video-preview:-1\" \/>\n<link rel=\"canonical\" href=\"https:\/\/spainiee.com\/es\/quienes-somos\/\" \/>\n<meta property=\"og:locale\" content=\"es_ES\" \/>\n<meta property=\"og:type\" content=\"article\" \/>\n<meta property=\"og:title\" content=\"\u25b7 \u00bfQui\u00e9nes somos? - Instituto Educativo Espa\u00f1ol\" \/>\n<meta property=\"og:description\" content=\"El Instituto Educativo Espa\u00f1ol somos un centro de aprendizaje del espa\u00f1ol para extranjeros con vocaci\u00f3n internacional y conceptualizaci\u00f3n digital.\" \/>\n<meta property=\"og:url\" content=\"https:\/\/spainiee.com\/es\/quienes-somos\/\" \/>\n<meta property=\"article:modified_time\" content=\"2020-02-25T14:05:53+00:00\" \/>\n<meta property=\"og:image\" content=\"https:\/\/spainiee.com\/wp-content\/uploads\/2020\/03\/LOGO.jpg\" \/>\n\t<meta property=\"og:image:width\" content=\"789\" \/>\n\t<meta property=\"og:image:height\" content=\"392\" \/>\n\t<meta property=\"og:image:type\" content=\"image\/jpeg\" \/>\n<meta name=\"twitter:card\" content=\"summary_large_image\" \/>\n<script type=\"application\/ld+json\" class=\"yoast-schema-graph\">{\"@context\":\"https:\/\/schema.org\",\"@graph\":[{\"@type\":\"WebPage\",\"@id\":\"https:\/\/spainiee.com\/es\/quienes-somos\/\",\"url\":\"https:\/\/spainiee.com\/es\/quienes-somos\/\",\"name\":\"\u25b7 \u00bfQui\u00e9nes somos? - Instituto Educativo Espa\u00f1ol\",\"isPartOf\":{\"@id\":\"https:\/\/spainiee.com\/es\/#website\"},\"datePublished\":\"2019-07-03T10:10:32+00:00\",\"dateModified\":\"2020-02-25T14:05:53+00:00\",\"description\":\"El Instituto Educativo Espa\u00f1ol somos un centro de aprendizaje del espa\u00f1ol para extranjeros con vocaci\u00f3n internacional y conceptualizaci\u00f3n digital.\",\"breadcrumb\":{\"@id\":\"https:\/\/spainiee.com\/es\/quienes-somos\/#breadcrumb\"},\"inLanguage\":\"es\",\"potentialAction\":[{\"@type\":\"ReadAction\",\"target\":[\"https:\/\/spainiee.com\/es\/quienes-somos\/\"]}]},{\"@type\":\"BreadcrumbList\",\"@id\":\"https:\/\/spainiee.com\/es\/quienes-somos\/#breadcrumb\",\"itemListElement\":[{\"@type\":\"ListItem\",\"position\":1,\"name\":\"Portada\",\"item\":\"https:\/\/spainiee.com\/es\/\"},{\"@type\":\"ListItem\",\"position\":2,\"name\":\"Quienes Somos\"}]},{\"@type\":\"WebSite\",\"@id\":\"https:\/\/spainiee.com\/es\/#website\",\"url\":\"https:\/\/spainiee.com\/es\/\",\"name\":\"\",\"description\":\"\",\"potentialAction\":[{\"@type\":\"SearchAction\",\"target\":{\"@type\":\"EntryPoint\",\"urlTemplate\":\"https:\/\/spainiee.com\/es\/?s={search_term_string}\"},\"query-input\":{\"@type\":\"PropertyValueSpecification\",\"valueRequired\":true,\"valueName\":\"search_term_string\"}}],\"inLanguage\":\"es\"}]}<\/script>\n<!-- \/ Yoast SEO plugin. -->","yoast_head_json":{"title":"\u25b7 \u00bfQui\u00e9nes somos? - Instituto Educativo Espa\u00f1ol","description":"El Instituto Educativo Espa\u00f1ol somos un centro de aprendizaje del espa\u00f1ol para extranjeros con vocaci\u00f3n internacional y conceptualizaci\u00f3n digital.","robots":{"index":"index","follow":"follow","max-snippet":"max-snippet:-1","max-image-preview":"max-image-preview:large","max-video-preview":"max-video-preview:-1"},"canonical":"https:\/\/spainiee.com\/es\/quienes-somos\/","og_locale":"es_ES","og_type":"article","og_title":"\u25b7 \u00bfQui\u00e9nes somos? - Instituto Educativo Espa\u00f1ol","og_description":"El Instituto Educativo Espa\u00f1ol somos un centro de aprendizaje del espa\u00f1ol para extranjeros con vocaci\u00f3n internacional y conceptualizaci\u00f3n digital.","og_url":"https:\/\/spainiee.com\/es\/quienes-somos\/","article_modified_time":"2020-02-25T14:05:53+00:00","og_image":[{"width":789,"height":392,"url":"https:\/\/spainiee.com\/wp-content\/uploads\/2020\/03\/LOGO.jpg","type":"image\/jpeg"}],"twitter_card":"summary_large_image","schema":{"@context":"https:\/\/schema.org","@graph":[{"@type":"WebPage","@id":"https:\/\/spainiee.com\/es\/quienes-somos\/","url":"https:\/\/spainiee.com\/es\/quienes-somos\/","name":"\u25b7 \u00bfQui\u00e9nes somos? - Instituto Educativo Espa\u00f1ol","isPartOf":{"@id":"https:\/\/spainiee.com\/es\/#website"},"datePublished":"2019-07-03T10:10:32+00:00","dateModified":"2020-02-25T14:05:53+00:00","description":"El Instituto Educativo Espa\u00f1ol somos un centro de aprendizaje del espa\u00f1ol para extranjeros con vocaci\u00f3n internacional y conceptualizaci\u00f3n digital.","breadcrumb":{"@id":"https:\/\/spainiee.com\/es\/quienes-somos\/#breadcrumb"},"inLanguage":"es","potentialAction":[{"@type":"ReadAction","target":["https:\/\/spainiee.com\/es\/quienes-somos\/"]}]},{"@type":"BreadcrumbList","@id":"https:\/\/spainiee.com\/es\/quienes-somos\/#breadcrumb","itemListElement":[{"@type":"ListItem","position":1,"name":"Portada","item":"https:\/\/spainiee.com\/es\/"},{"@type":"ListItem","position":2,"name":"Quienes Somos"}]},{"@type":"WebSite","@id":"https:\/\/spainiee.com\/es\/#website","url":"https:\/\/spainiee.com\/es\/","name":"","description":"","potentialAction":[{"@type":"SearchAction","target":{"@type":"EntryPoint","urlTemplate":"https:\/\/spainiee.com\/es\/?s={search_term_string}"},"query-input":{"@type":"PropertyValueSpecification","valueRequired":true,"valueName":"search_term_string"}}],"inLanguage":"es"}]}},"_links":{"self":[{"href":"https:\/\/spainiee.com\/es\/wp-json\/wp\/v2\/pages\/234"}],"collection":[{"href":"https:\/\/spainiee.com\/es\/wp-json\/wp\/v2\/pages"}],"about":[{"href":"https:\/\/spainiee.com\/es\/wp-json\/wp\/v2\/types\/page"}],"author":[{"embeddable":true,"href":"https:\/\/spainiee.com\/es\/wp-json\/wp\/v2\/users\/1"}],"replies":[{"embeddable":true,"href":"https:\/\/spainiee.com\/es\/wp-json\/wp\/v2\/comments?post=234"}],"version-history":[{"count":1,"href":"https:\/\/spainiee.com\/es\/wp-json\/wp\/v2\/pages\/234\/revisions"}],"predecessor-version":[{"id":235,"href":"https:\/\/spainiee.com\/es\/wp-json\/wp\/v2\/pages\/234\/revisions\/235"}],"wp:attachment":[{"href":"https:\/\/spainiee.com\/es\/wp-json\/wp\/v2\/media?parent=234"}],"curies":[{"name":"wp","href":"https:\/\/api.w.org\/{rel}","templated":true}]}}