{"id":913,"date":"2019-10-13T20:02:39","date_gmt":"2019-10-13T18:02:39","guid":{"rendered":"https:\/\/spainiee.com\/?page_id=913"},"modified":"2019-10-14T11:52:03","modified_gmt":"2019-10-14T09:52:03","slug":"preguntas-frecuentes","status":"publish","type":"page","link":"https:\/\/spainiee.com\/es\/preguntas-frecuentes\/","title":{"rendered":"FAQ- Preguntas Frecuentes"},"content":{"rendered":"\n<div class=\"jq-home-carousel-section \">\n\t\t\t\t\t\n\t\t\t\t\t<div id=\"jq-home-carousel\" class=\"carousel slide\" data-ride=\"carousel\">\t<div class=\"carousel-inner\">\t\n\t\t<style type=\"text\/css\">\n\t\t\t  #jq-home-carousel-item-0 {background-image: url('https:\/\/spainiee.com\/wp-content\/uploads\/2019\/06\/Intro_iee.jpg'); }\n\t\t\t  @media (min-width: 768px) {#jq-home-carousel-item-0 { background-image: url('https:\/\/spainiee.com\/wp-content\/uploads\/2019\/06\/Intro_iee.jpg');}}\n\t\t\t  @media (min-width: 1200px) {#jq-home-carousel-item-0 { background-image: url('https:\/\/spainiee.com\/wp-content\/uploads\/2019\/06\/Intro_iee.jpg');}}\n\t\t<\/style><div id=\"jq-home-carousel-item-0\" class=\"carousel-item active\"  data-interval=\"false\"><div class=\"jq-mask\"><\/div><div class=\"container-fluid\">\n\t\t\t\t\t<div class=\"row\">\n\t\t\t\t\t<div class=\"col-md-12\">\n\t\t\t\t\t\t<div class=\"jq-home-carousel-content\"><h1> FAQ &#8211; Preguntas Frecuentes <\/h1><p>    <\/p>\n\t\t\t\t\t\t<\/div>\t\t<\/div>\n\t\t\t\t\t<\/div>\n\t\t\t\t\t<\/div><div id=\"jq-slide-read-more\" onclick=\"scrolldown()\"><i class=\"fas fa-chevron-circle-down\"><\/i><\/div>\t\t\t<\/div>\t<\/div> \t<\/div><\/div>\n\n\n\n<div class=\"jq-faq\">\n\t\t\t\t\t\t<div class=\"container\">\n\t\t\t\t\t\t\t<div class=\"row\"><div class=\"jq-faq-item col-md-12\" >\t\n\t\t\t\t\t<h4 class=\"jq-faq-title\" onclick=\"faqToggle(this)\"> \u00bfC\u00f3mo puedo hacer la inscripci\u00f3n?  <\/h4>\n\t\t\t\t\t<div class=\"jq-faq-content\">  Puedes hacer la inscripci\u00f3n, rellenando el formulario on line en esta misma p\u00e1gina, presencialmente en nuestras oficinas o a trav\u00e9s del correo electr\u00f3nico\u00a0 <a href=\"mailto:hello@spainiee.com\">hello@spainiee.com<\/a> <\/div>\n\t\t\t\t<\/div><div class=\"jq-faq-item col-md-12\" >\t\n\t\t\t\t\t<h4 class=\"jq-faq-title\" onclick=\"faqToggle(this)\"> \u00bfC\u00f3mo puedo realizar los pagos?  <\/h4>\n\t\t\t\t\t<div class=\"jq-faq-content\">  El pago lo puedes realizar de la siguiente manera:\r\n<ul>\r\n \t<li>Por tarjeta de cr\u00e9dito<\/li>\r\n \t<li>Por transferencia bancaria (los gastos de transferencia corren por cuenta del estudiante)<\/li>\r\n \t<li>En efectivo, en nuestras oficinas<\/li>\r\n<\/ul> <\/div>\n\t\t\t\t<\/div><div class=\"jq-faq-item col-md-12\" >\t\n\t\t\t\t\t<h4 class=\"jq-faq-title\" onclick=\"faqToggle(this)\"> \u00bfCu\u00e1nto dura una clase?  <\/h4>\n\t\t\t\t\t<div class=\"jq-faq-content\">  Las lecciones en los cursos intensivos y semi intensivos tienen una duraci\u00f3n de 50 minutos, las lecciones en los cursos de\u00a0d\u00edas alternos tienen una duraci\u00f3n de 45 minutos cada una y las lecciones de preparaci\u00f3n al D.E.L.E. cuentan con una duraci\u00f3n de 60\u00a0minutos. <\/div>\n\t\t\t\t<\/div><div class=\"jq-faq-item col-md-12\" >\t\n\t\t\t\t\t<h4 class=\"jq-faq-title\" onclick=\"faqToggle(this)\"> \u00bfC\u00f3mo son las aulas?  <\/h4>\n\t\t\t\t\t<div class=\"jq-faq-content\">  Las aulas est\u00e1n equipadas con recursos multimedia. <\/div>\n\t\t\t\t<\/div><div class=\"jq-faq-item col-md-12\" >\t\n\t\t\t\t\t<h4 class=\"jq-faq-title\" onclick=\"faqToggle(this)\"> \u00bfC\u00f3mo s\u00e9 el nivel que tengo?  <\/h4>\n\t\t\t\t\t<div class=\"jq-faq-content\">  Antes de comenzar el curso, tendr\u00e1s que hacer una prueba de nivel, totalmente gratuita. La\u00a0puedes hacer a trav\u00e9s de nuestra p\u00e1gina web, directamente en la escuela, tambi\u00e9n te la\u00a0podemos mandar por email. Dependiendo del nivel que obtengas te asignaremos el grupo\u00a0que m\u00e1s se adecue a tus necesidades. <\/div>\n\t\t\t\t<\/div><div class=\"jq-faq-item col-md-12\" >\t\n\t\t\t\t\t<h4 class=\"jq-faq-title\" onclick=\"faqToggle(this)\"> \u00bfPuedo solicitar un cambio de nivel?  <\/h4>\n\t\t\t\t\t<div class=\"jq-faq-content\">  Si, en el caso que quieras solicitar un cambio de nivel tendr\u00e1s que hablar con tu profesor, en\u00a0algunas ocasiones, si el profesor lo viera necesario, tendr\u00edas que realizar una prueba de\u00a0evaluaci\u00f3n. <\/div>\n\t\t\t\t<\/div><div class=\"jq-faq-item col-md-12\" >\t\n\t\t\t\t\t<h4 class=\"jq-faq-title\" onclick=\"faqToggle(this)\"> \u00bfQu\u00e9 ocurre si un d\u00eda no puedo ir a clase?  <\/h4>\n\t\t\t\t\t<div class=\"jq-faq-content\">  Si un d\u00eda no puedes ir a clase, es recomendable que se lo digas a tu profesor para que te d\u00e9 los\u00a0contenidos de ese d\u00eda, en el caso de clases particulares, tienes que avisar con 48 horas de\u00a0antelaci\u00f3n y se podr\u00e1 cambiar la clase a otro d\u00eda. <\/div>\n\t\t\t\t<\/div><div class=\"jq-faq-item col-md-12\" >\t\n\t\t\t\t\t<h4 class=\"jq-faq-title\" onclick=\"faqToggle(this)\"> \u00bfLos d\u00edas que caen en fiesta, se recuperan?  <\/h4>\n\t\t\t\t\t<div class=\"jq-faq-content\">  Las clases que coincidan con d\u00edas festivos de car\u00e1cter nacional o local no se recuperan, ni\u00a0son reembolsables. Las clases particulares si se recuperan. <\/div>\n\t\t\t\t<\/div><div class=\"jq-faq-item col-md-12\" >\t\n\t\t\t\t\t<h4 class=\"jq-faq-title\" onclick=\"faqToggle(this)\"> \u00bfRecibo un certificado al final del curso?  <\/h4>\n\t\t\t\t\t<div class=\"jq-faq-content\">  Al finalizar el curso, el Instituto Educativo Espa\u00f1ol te dar\u00e1 un certificado de asistencia. Este documento no es v\u00e1lido como documento oficial de conformidad con la legislaci\u00f3n que regula la educaci\u00f3n no acreditada. Para obtener este certificado, es necesario que el alumno asista como m\u00ednimo al 85% de las clases. <\/div>\n\t\t\t\t<\/div><div class=\"jq-faq-item col-md-12\" >\t\n\t\t\t\t\t<h4 class=\"jq-faq-title\" onclick=\"faqToggle(this)\"> \u00bfLos profesores est\u00e1n cualificados para dar las clases de espa\u00f1ol?  <\/h4>\n\t\t\t\t\t<div class=\"jq-faq-content\">  Si, por supuesto, todos nuestros profesores son titulados en filolog\u00eda y\/o tienen un m\u00e1ster\u00a0especializado en ense\u00f1anza ELE, con una amplia experiencia. <\/div>\n\t\t\t\t<\/div><div class=\"jq-faq-item col-md-12\" >\t\n\t\t\t\t\t<h4 class=\"jq-faq-title\" onclick=\"faqToggle(this)\"> \u00bfQu\u00e9 nacionalidades hay en las clases?  <\/h4>\n\t\t\t\t\t<div class=\"jq-faq-content\">  En el Instituto Educativo Espa\u00f1ol hay estudiantes de diversas nacionalidades como pueden ser: australianos, americanos, chinos, alemanes, franceses, ingleses, turcos, sirios, polacos, rusos, etc. <\/div>\n\t\t\t\t<\/div><div class=\"jq-faq-item col-md-12\" >\t\n\t\t\t\t\t<h4 class=\"jq-faq-title\" onclick=\"faqToggle(this)\"> \u00bfEs obligatorio participar en las actividades extraacademicas?  <\/h4>\n\t\t\t\t\t<div class=\"jq-faq-content\">  No, no es obligatorio, pero ser\u00eda recomendable. <\/div>\n\t\t\t\t<\/div><div class=\"jq-faq-item col-md-12\" >\t\n\t\t\t\t\t<h4 class=\"jq-faq-title\" onclick=\"faqToggle(this)\"> \u00bfPuedo participar en las actividades aunque tenga un problema de salud?  <\/h4>\n\t\t\t\t\t<div class=\"jq-faq-content\">  No hay restricciones m\u00e9dicas, pero deber\u00e1s comunicar a la escuela, si tienes problemas\u00a0alimentarios (celiaco, alergia, intolerancia....), si tienes problemas de movilidad o cualquier\u00a0otro problema de salud. <\/div>\n\t\t\t\t<\/div><div class=\"jq-faq-item col-md-12\" >\t\n\t\t\t\t\t<h4 class=\"jq-faq-title\" onclick=\"faqToggle(this)\"> \u00bfSoy antiguo alumno, tengo que volver a pagar la matricula?  <\/h4>\n\t\t\t\t\t<div class=\"jq-faq-content\">  No, si eres antiguo alumno de la escuela no tienes que pagar la matr\u00edcula. <\/div>\n\t\t\t\t<\/div><div class=\"jq-faq-item col-md-12\" >\t\n\t\t\t\t\t<h4 class=\"jq-faq-title\" onclick=\"faqToggle(this)\"> \u00bfQu\u00e9 horario tiene la escuela?  <\/h4>\n\t\t\t\t\t<div class=\"jq-faq-content\">  La escuela permanece abierta de lunes a viernes, de 9:00 de la ma\u00f1ana a 19:00 de la tarde <\/div>\n\t\t\t\t<\/div><div class=\"jq-faq-item col-md-12\" >\t\n\t\t\t\t\t<h4 class=\"jq-faq-title\" onclick=\"faqToggle(this)\"> No tengo seguro m\u00e9dico, \u00bfpuedo adquirir un seguro en la escuela?  <\/h4>\n\t\t\t\t\t<div class=\"jq-faq-content\">  Si, todos los estudiantes tienen que disponer de un seguro m\u00e9dico con la cobertura m\u00e9dica\u00a0adecuada, si no dispones de \u00e9l, lo puedes solicitar en la escuela. <\/div>\n\t\t\t\t<\/div>\t\t<\/div><!-- .row-->\n\t\t\t\t\t\t<\/div><!-- .container-->\n\t\t\t\t\t<\/div><!-- .jq-faq-->\n","protected":false},"excerpt":{"rendered":"","protected":false},"author":1,"featured_media":0,"parent":0,"menu_order":0,"comment_status":"closed","ping_status":"closed","template":"","meta":{"_monsterinsights_skip_tracking":false,"_monsterinsights_sitenote_active":false,"_monsterinsights_sitenote_note":"","_monsterinsights_sitenote_category":0,"footnotes":""},"class_list":["post-913","page","type-page","status-publish","hentry"],"yoast_head":"<!-- This site is optimized with the Yoast SEO plugin v23.6 - https:\/\/yoast.com\/wordpress\/plugins\/seo\/ -->\n<title>FAQ- Preguntas Frecuentes -<\/title>\n<meta name=\"robots\" content=\"noindex, follow\" \/>\n<meta property=\"og:locale\" content=\"es_ES\" \/>\n<meta property=\"og:type\" content=\"article\" \/>\n<meta property=\"og:title\" content=\"FAQ- Preguntas Frecuentes -\" \/>\n<meta property=\"og:url\" content=\"https:\/\/spainiee.com\/es\/preguntas-frecuentes\/\" \/>\n<meta property=\"article:modified_time\" content=\"2019-10-14T09:52:03+00:00\" \/>\n<meta property=\"og:image\" content=\"https:\/\/spainiee.com\/wp-content\/uploads\/2020\/03\/LOGO.jpg\" \/>\n\t<meta property=\"og:image:width\" content=\"789\" \/>\n\t<meta property=\"og:image:height\" content=\"392\" \/>\n\t<meta property=\"og:image:type\" content=\"image\/jpeg\" \/>\n<meta name=\"twitter:card\" content=\"summary_large_image\" \/>\n<script type=\"application\/ld+json\" class=\"yoast-schema-graph\">{\"@context\":\"https:\/\/schema.org\",\"@graph\":[{\"@type\":\"WebPage\",\"@id\":\"https:\/\/spainiee.com\/es\/preguntas-frecuentes\/\",\"url\":\"https:\/\/spainiee.com\/es\/preguntas-frecuentes\/\",\"name\":\"FAQ- Preguntas Frecuentes -\",\"isPartOf\":{\"@id\":\"https:\/\/spainiee.com\/es\/#website\"},\"datePublished\":\"2019-10-13T18:02:39+00:00\",\"dateModified\":\"2019-10-14T09:52:03+00:00\",\"breadcrumb\":{\"@id\":\"https:\/\/spainiee.com\/es\/preguntas-frecuentes\/#breadcrumb\"},\"inLanguage\":\"es\",\"potentialAction\":[{\"@type\":\"ReadAction\",\"target\":[\"https:\/\/spainiee.com\/es\/preguntas-frecuentes\/\"]}]},{\"@type\":\"BreadcrumbList\",\"@id\":\"https:\/\/spainiee.com\/es\/preguntas-frecuentes\/#breadcrumb\",\"itemListElement\":[{\"@type\":\"ListItem\",\"position\":1,\"name\":\"Portada\",\"item\":\"https:\/\/spainiee.com\/es\/\"},{\"@type\":\"ListItem\",\"position\":2,\"name\":\"FAQ- Preguntas Frecuentes\"}]},{\"@type\":\"WebSite\",\"@id\":\"https:\/\/spainiee.com\/es\/#website\",\"url\":\"https:\/\/spainiee.com\/es\/\",\"name\":\"\",\"description\":\"\",\"potentialAction\":[{\"@type\":\"SearchAction\",\"target\":{\"@type\":\"EntryPoint\",\"urlTemplate\":\"https:\/\/spainiee.com\/es\/?s={search_term_string}\"},\"query-input\":{\"@type\":\"PropertyValueSpecification\",\"valueRequired\":true,\"valueName\":\"search_term_string\"}}],\"inLanguage\":\"es\"}]}<\/script>\n<!-- \/ Yoast SEO plugin. -->","yoast_head_json":{"title":"FAQ- Preguntas Frecuentes -","robots":{"index":"noindex","follow":"follow"},"og_locale":"es_ES","og_type":"article","og_title":"FAQ- Preguntas Frecuentes -","og_url":"https:\/\/spainiee.com\/es\/preguntas-frecuentes\/","article_modified_time":"2019-10-14T09:52:03+00:00","og_image":[{"width":789,"height":392,"url":"https:\/\/spainiee.com\/wp-content\/uploads\/2020\/03\/LOGO.jpg","type":"image\/jpeg"}],"twitter_card":"summary_large_image","schema":{"@context":"https:\/\/schema.org","@graph":[{"@type":"WebPage","@id":"https:\/\/spainiee.com\/es\/preguntas-frecuentes\/","url":"https:\/\/spainiee.com\/es\/preguntas-frecuentes\/","name":"FAQ- Preguntas Frecuentes -","isPartOf":{"@id":"https:\/\/spainiee.com\/es\/#website"},"datePublished":"2019-10-13T18:02:39+00:00","dateModified":"2019-10-14T09:52:03+00:00","breadcrumb":{"@id":"https:\/\/spainiee.com\/es\/preguntas-frecuentes\/#breadcrumb"},"inLanguage":"es","potentialAction":[{"@type":"ReadAction","target":["https:\/\/spainiee.com\/es\/preguntas-frecuentes\/"]}]},{"@type":"BreadcrumbList","@id":"https:\/\/spainiee.com\/es\/preguntas-frecuentes\/#breadcrumb","itemListElement":[{"@type":"ListItem","position":1,"name":"Portada","item":"https:\/\/spainiee.com\/es\/"},{"@type":"ListItem","position":2,"name":"FAQ- Preguntas Frecuentes"}]},{"@type":"WebSite","@id":"https:\/\/spainiee.com\/es\/#website","url":"https:\/\/spainiee.com\/es\/","name":"","description":"","potentialAction":[{"@type":"SearchAction","target":{"@type":"EntryPoint","urlTemplate":"https:\/\/spainiee.com\/es\/?s={search_term_string}"},"query-input":{"@type":"PropertyValueSpecification","valueRequired":true,"valueName":"search_term_string"}}],"inLanguage":"es"}]}},"_links":{"self":[{"href":"https:\/\/spainiee.com\/es\/wp-json\/wp\/v2\/pages\/913"}],"collection":[{"href":"https:\/\/spainiee.com\/es\/wp-json\/wp\/v2\/pages"}],"about":[{"href":"https:\/\/spainiee.com\/es\/wp-json\/wp\/v2\/types\/page"}],"author":[{"embeddable":true,"href":"https:\/\/spainiee.com\/es\/wp-json\/wp\/v2\/users\/1"}],"replies":[{"embeddable":true,"href":"https:\/\/spainiee.com\/es\/wp-json\/wp\/v2\/comments?post=913"}],"version-history":[{"count":4,"href":"https:\/\/spainiee.com\/es\/wp-json\/wp\/v2\/pages\/913\/revisions"}],"predecessor-version":[{"id":935,"href":"https:\/\/spainiee.com\/es\/wp-json\/wp\/v2\/pages\/913\/revisions\/935"}],"wp:attachment":[{"href":"https:\/\/spainiee.com\/es\/wp-json\/wp\/v2\/media?parent=913"}],"curies":[{"name":"wp","href":"https:\/\/api.w.org\/{rel}","templated":true}]}}